{"id":522,"date":"2023-03-06T22:26:29","date_gmt":"2023-03-06T22:26:29","guid":{"rendered":"https:\/\/qbpus.com\/product\/tropical-orange-pineapple-spread-20\/"},"modified":"2024-07-12T15:21:30","modified_gmt":"2024-07-12T15:21:30","slug":"tropical-orange-pineapple-spread-20","status":"publish","type":"product","link":"https:\/\/qbpus.com\/es\/producto\/tropical-orange-pineapple-spread-20\/","title":{"rendered":"Untable tropical de naranja y pi\u00f1a adicto al horneado - 20#"},"content":{"rendered":"<p>Comienza tu d\u00eda con una explosi\u00f3n de sol con nuestra Crema Tropical de Naranja y Pi\u00f1a. La combinaci\u00f3n de naranjas picantes y pi\u00f1as jugosas crea un equilibrio armonioso de sabores dulces y \u00e1cidos. Esta crema para untar vers\u00e1til es una excelente adici\u00f3n a tu rutina matutina, ideal para realzar s\u00e1ndwiches o como aderezo para helados y gofres. Ordene ahora y lleve una explosi\u00f3n de sabor tropical a su cocina.<\/p>","protected":false},"excerpt":{"rendered":"<p>Start your day with a burst of sunshine with our Tropical Orange-Pineapple Spread. The combination of tangy oranges and juicy pineapples creates a harmonious balance of sweet and tart flavors. This versatile spread is a great addition to your morning routine, ideal for enhancing sandwiches, or as a topping for ice cream and waffles. Order [&hellip;]<\/p>\n","protected":false},"featured_media":2623,"template":"","meta":{"_et_pb_use_builder":"","_et_pb_old_content":"","_et_gb_content_width":"","inline_featured_image":false},"product_brand":[],"product_cat":[165,75,74],"product_tag":[],"class_list":{"0":"post-522","1":"product","2":"type-product","3":"status-publish","4":"has-post-thumbnail","6":"product_cat-bakery-products","7":"product_cat-spread","8":"product_cat-spreads","10":"first","11":"instock","12":"shipping-taxable","13":"product-type-simple"},"_links":{"self":[{"href":"https:\/\/qbpus.com\/es\/wp-json\/wp\/v2\/product\/522","targetHints":{"allow":["GET"]}}],"collection":[{"href":"https:\/\/qbpus.com\/es\/wp-json\/wp\/v2\/product"}],"about":[{"href":"https:\/\/qbpus.com\/es\/wp-json\/wp\/v2\/types\/product"}],"wp:featuredmedia":[{"embeddable":true,"href":"https:\/\/qbpus.com\/es\/wp-json\/wp\/v2\/media\/2623"}],"wp:attachment":[{"href":"https:\/\/qbpus.com\/es\/wp-json\/wp\/v2\/media?parent=522"}],"wp:term":[{"taxonomy":"product_brand","embeddable":true,"href":"https:\/\/qbpus.com\/es\/wp-json\/wp\/v2\/product_brand?post=522"},{"taxonomy":"product_cat","embeddable":true,"href":"https:\/\/qbpus.com\/es\/wp-json\/wp\/v2\/product_cat?post=522"},{"taxonomy":"product_tag","embeddable":true,"href":"https:\/\/qbpus.com\/es\/wp-json\/wp\/v2\/product_tag?post=522"}],"curies":[{"name":"wp","href":"https:\/\/api.w.org\/{rel}","templated":true}]}}