{"id":514,"date":"2023-03-06T22:26:28","date_gmt":"2023-03-06T22:26:28","guid":{"rendered":"https:\/\/qbpus.com\/product\/cherry-fruit-puree-gal-10\/"},"modified":"2025-02-19T21:41:28","modified_gmt":"2025-02-19T21:41:28","slug":"cherry-fruit-puree-gal-10","status":"publish","type":"product","link":"https:\/\/qbpus.com\/es\/producto\/cherry-fruit-puree-gal-10\/","title":{"rendered":"Pur\u00e9 de Cerezas \u2013 Gal 10#"},"content":{"rendered":"<p>Experimente el sabor vibrante de las cerezas maduras capturadas en cada cucharada de nuestro <strong>Pur\u00e9 de cereza<\/strong>Elaborado con cerezas maduradas al sol, nuestro pur\u00e9 es un ingrediente vers\u00e1til que a\u00f1ade un toque de sabor afrutado a una amplia gama de creaciones culinarias. Realza tus recetas con el vibrante sabor de las cerezas frescas con nuestro Pur\u00e9 de Cereza. Es la opci\u00f3n perfecta para quienes buscan a\u00f1adir un toque de dulzura natural a sus platos favoritos.<\/p>\n<p><strong data-start=\"757\" data-end=\"781\">Soluci\u00f3n que ahorra tiempo,<\/strong>\u00a0El pur\u00e9 listo para usar elimina la necesidad de preparar cerezas frescas.<\/p>\n<p><strong data-start=\"486\" data-end=\"513\">Pr\u00e1ctico frasco de 1 gal\u00f3n,<\/strong>\u00a0F\u00e1cil de almacenar, verter y usar en servicios de alimentos y fabricaci\u00f3n.<\/p>\n<p><strong data-start=\"585\" data-end=\"603\">Embalaje a granel, <\/strong>4 frascos por caja, optimizados para uso comercial y de gran volumen.<\/p>","protected":false},"excerpt":{"rendered":"<p>Experience the vibrant taste of ripe cherries captured in every spoonful of our Cherry Fruit Puree. Crafted from sun-ripened cherries bursting with flavor, our puree is a versatile ingredient that adds a burst of fruity goodness to a wide range of culinary creations. Elevate your recipes with the vibrant taste of fresh cherries with our [&hellip;]<\/p>\n","protected":false},"featured_media":3457,"template":"","meta":{"_et_pb_use_builder":"","_et_pb_old_content":"","_et_gb_content_width":"","inline_featured_image":false},"product_brand":[],"product_cat":[165,68,69],"product_tag":[],"class_list":{"0":"post-514","1":"product","2":"type-product","3":"status-publish","4":"has-post-thumbnail","6":"product_cat-bakery-products","7":"product_cat-puree","8":"product_cat-purees","10":"first","11":"instock","12":"shipping-taxable","13":"product-type-simple"},"_links":{"self":[{"href":"https:\/\/qbpus.com\/es\/wp-json\/wp\/v2\/product\/514","targetHints":{"allow":["GET"]}}],"collection":[{"href":"https:\/\/qbpus.com\/es\/wp-json\/wp\/v2\/product"}],"about":[{"href":"https:\/\/qbpus.com\/es\/wp-json\/wp\/v2\/types\/product"}],"wp:featuredmedia":[{"embeddable":true,"href":"https:\/\/qbpus.com\/es\/wp-json\/wp\/v2\/media\/3457"}],"wp:attachment":[{"href":"https:\/\/qbpus.com\/es\/wp-json\/wp\/v2\/media?parent=514"}],"wp:term":[{"taxonomy":"product_brand","embeddable":true,"href":"https:\/\/qbpus.com\/es\/wp-json\/wp\/v2\/product_brand?post=514"},{"taxonomy":"product_cat","embeddable":true,"href":"https:\/\/qbpus.com\/es\/wp-json\/wp\/v2\/product_cat?post=514"},{"taxonomy":"product_tag","embeddable":true,"href":"https:\/\/qbpus.com\/es\/wp-json\/wp\/v2\/product_tag?post=514"}],"curies":[{"name":"wp","href":"https:\/\/api.w.org\/{rel}","templated":true}]}}