{"id":511,"date":"2023-03-06T22:26:28","date_gmt":"2023-03-06T22:26:28","guid":{"rendered":"https:\/\/qbpus.com\/product\/strawberry-fruit-puree-gal-9\/"},"modified":"2025-02-20T16:38:46","modified_gmt":"2025-02-20T16:38:46","slug":"strawberry-fruit-puree-gal-9","status":"publish","type":"product","link":"https:\/\/qbpus.com\/es\/producto\/strawberry-fruit-puree-gal-9\/","title":{"rendered":"Pur\u00e9 de Frutas Fresa \u2013 Gal 9#"},"content":{"rendered":"<p>Este pur\u00e9 de primera calidad est\u00e1 elaborado con fresas cuidadosamente seleccionadas y ofrece el aut\u00e9ntico sabor y aroma de la fruta fresca en cada cucharada. Perfectamente suave y listo para usar, es un ingrediente ideal para una amplia gama de aplicaciones, incluidos postres, bebidas, salsas y m\u00e1s. Elaborado para profesionales de la restauraci\u00f3n, nuestro <strong>Pur\u00e9 de fresa<\/strong> Proporciona una textura natural y consistente y un sabor rico que realza cualquier plato.<\/p>\n<p>Hay muchas formas de utilizar nuestro pur\u00e9 de frutas de fresa en sus preparaciones. Una de ellas es preparar productos con menos calor\u00edas y menos grasas para sus clientes. Puede sustituir hasta la mitad del aceite o la mantequilla de sus recetas por nuestro pur\u00e9 de frutas. Reduce la grasa y las calor\u00edas, a la vez que mantiene sus postres h\u00famedos y deliciosos. Tambi\u00e9n puede utilizar pur\u00e9s de frutas para reducir el az\u00facar en sus recetas. La fruta natural aporta dulzura. Tambi\u00e9n puede utilizar nuestros pur\u00e9s de frutas en batidos, granizados y licuados. Nuestro pur\u00e9 de frutas se compone de fresas frescas. Tiene un sabor rojo brillante y la consistencia pulposa de la fruta fresca.<\/p>\n<p><strong>C\u00f3modo frasco de 9 libras<\/strong> \u2013 Dise\u00f1ado para operaciones de servicio de alimentos de gran volumen, lo que garantiza que tendr\u00e1 suficiente producto para uso a gran escala.<\/p>","protected":false},"excerpt":{"rendered":"<p>This premium pur\u00e9e is made from carefully selected strawberries, offering the authentic flavor and aroma of fresh fruit in every spoonful. Perfectly smooth and ready-to-use, it\u2019s an ideal ingredient for a wide range of applications including desserts, beverages, sauces, and more. Crafted for foodservice professionals, our Strawberry Pur\u00e9e provides a natural, consistent texture and rich [&hellip;]<\/p>\n","protected":false},"featured_media":3474,"template":"","meta":{"_et_pb_use_builder":"","_et_pb_old_content":"","_et_gb_content_width":"","inline_featured_image":false},"product_brand":[],"product_cat":[165,67,173],"product_tag":[],"class_list":{"0":"post-511","1":"product","2":"type-product","3":"status-publish","4":"has-post-thumbnail","6":"product_cat-bakery-products","7":"product_cat-fruits-processed","8":"product_cat-fruits-processed-puree","10":"first","11":"instock","12":"shipping-taxable","13":"product-type-simple"},"_links":{"self":[{"href":"https:\/\/qbpus.com\/es\/wp-json\/wp\/v2\/product\/511","targetHints":{"allow":["GET"]}}],"collection":[{"href":"https:\/\/qbpus.com\/es\/wp-json\/wp\/v2\/product"}],"about":[{"href":"https:\/\/qbpus.com\/es\/wp-json\/wp\/v2\/types\/product"}],"wp:featuredmedia":[{"embeddable":true,"href":"https:\/\/qbpus.com\/es\/wp-json\/wp\/v2\/media\/3474"}],"wp:attachment":[{"href":"https:\/\/qbpus.com\/es\/wp-json\/wp\/v2\/media?parent=511"}],"wp:term":[{"taxonomy":"product_brand","embeddable":true,"href":"https:\/\/qbpus.com\/es\/wp-json\/wp\/v2\/product_brand?post=511"},{"taxonomy":"product_cat","embeddable":true,"href":"https:\/\/qbpus.com\/es\/wp-json\/wp\/v2\/product_cat?post=511"},{"taxonomy":"product_tag","embeddable":true,"href":"https:\/\/qbpus.com\/es\/wp-json\/wp\/v2\/product_tag?post=511"}],"curies":[{"name":"wp","href":"https:\/\/api.w.org\/{rel}","templated":true}]}}