{"id":510,"date":"2023-03-06T22:26:28","date_gmt":"2023-03-06T22:26:28","guid":{"rendered":"https:\/\/qbpus.com\/product\/liquid-egg-shade-food-color-gal-8\/"},"modified":"2025-03-04T15:46:49","modified_gmt":"2025-03-04T15:46:49","slug":"liquid-egg-shade-food-color-gal-8","status":"publish","type":"product","link":"https:\/\/qbpus.com\/es\/producto\/liquid-egg-shade-food-color-gal-8\/","title":{"rendered":"Colorante alimentario l\u00edquido tono huevo - Gal 8#"},"content":{"rendered":"<p>Consigue el tono perfecto con nuestro <strong data-start=\"166\" data-end=\"197\">Colorante alimentario l\u00edquido tono huevo, <\/strong>Una soluci\u00f3n sin sabor y f\u00e1cil de usar para obtener un color uniforme y vibrante. <strong>Un amarillo dorado intenso a un crudo sutil<\/strong>Este colorante alimentario vers\u00e1til mejora el atractivo visual de una variedad de productos horneados y productos a base de huevo.<\/p>\n<p><strong>Ideal para:<\/strong><\/p>\n<p data-start=\"451\" data-end=\"697\">\u2714 <strong>Lavados de huevo<\/strong>, <strong data-start=\"479\" data-end=\"491\">pasteles<\/strong>, <strong data-start=\"493\" data-end=\"502\">pan<\/strong>, y <strong data-start=\"508\" data-end=\"525\">confiter\u00eda<\/strong>.<br data-start=\"526\" data-end=\"529\" \/>\u2714 Se combina f\u00e1cilmente con <strong data-start=\"550\" data-end=\"581\">masas, rebozados y glaseados<\/strong> Para una distribuci\u00f3n uniforme del color.<br data-start=\"613\" data-end=\"616\" \/>\u2714 Perfecto para <strong data-start=\"630\" data-end=\"694\">Panader\u00edas comerciales, servicios de alimentaci\u00f3n y producci\u00f3n a gran escala.<\/strong>.<\/p>\n<p data-start=\"451\" data-end=\"697\">Para profesionales de la panader\u00eda que buscan <strong data-start=\"1064\" data-end=\"1090\">elevar sus productos<\/strong> \u00a1Con el tono perfecto para pintar huevos o masas, este colorante alimentario ofrece resultados confiables en todo momento!<\/p>","protected":false},"excerpt":{"rendered":"<p>Achieve the perfect shade with our Liquid Egg Shade Food Color, a flavorless, easy-to-use solution for consistent and vibrant coloring. From a rich golden yellow to a subtle ecru, this versatile food color enhances the visual appeal of a variety of baked goods and egg-based products. Ideal for: \u2714 Egg washes, pastries, bread, and confectionery.\u2714 [&hellip;]<\/p>\n","protected":false},"featured_media":2930,"template":"","meta":{"_et_pb_use_builder":"","_et_pb_old_content":"","_et_gb_content_width":"","inline_featured_image":false},"product_brand":[],"product_cat":[165,66,65],"product_tag":[],"class_list":{"0":"post-510","1":"product","2":"type-product","3":"status-publish","4":"has-post-thumbnail","6":"product_cat-bakery-products","7":"product_cat-food-color","8":"product_cat-food-colors","10":"first","11":"instock","12":"shipping-taxable","13":"product-type-simple"},"_links":{"self":[{"href":"https:\/\/qbpus.com\/es\/wp-json\/wp\/v2\/product\/510","targetHints":{"allow":["GET"]}}],"collection":[{"href":"https:\/\/qbpus.com\/es\/wp-json\/wp\/v2\/product"}],"about":[{"href":"https:\/\/qbpus.com\/es\/wp-json\/wp\/v2\/types\/product"}],"wp:featuredmedia":[{"embeddable":true,"href":"https:\/\/qbpus.com\/es\/wp-json\/wp\/v2\/media\/2930"}],"wp:attachment":[{"href":"https:\/\/qbpus.com\/es\/wp-json\/wp\/v2\/media?parent=510"}],"wp:term":[{"taxonomy":"product_brand","embeddable":true,"href":"https:\/\/qbpus.com\/es\/wp-json\/wp\/v2\/product_brand?post=510"},{"taxonomy":"product_cat","embeddable":true,"href":"https:\/\/qbpus.com\/es\/wp-json\/wp\/v2\/product_cat?post=510"},{"taxonomy":"product_tag","embeddable":true,"href":"https:\/\/qbpus.com\/es\/wp-json\/wp\/v2\/product_tag?post=510"}],"curies":[{"name":"wp","href":"https:\/\/api.w.org\/{rel}","templated":true}]}}