{"id":509,"date":"2023-03-06T22:26:28","date_gmt":"2023-03-06T22:26:28","guid":{"rendered":"https:\/\/qbpus.com\/product\/liquid-red-food-color-gal-8\/"},"modified":"2025-03-04T16:39:00","modified_gmt":"2025-03-04T16:39:00","slug":"liquid-red-food-color-gal-8","status":"publish","type":"product","link":"https:\/\/qbpus.com\/es\/producto\/liquid-red-food-color-gal-8\/","title":{"rendered":"Colorante alimentario rojo l\u00edquido \u2013 Gal 8#"},"content":{"rendered":"<p>Sin sabor, este colorante alimentario le da un color rojo vibrante sin afectar el sabor de sus productos horneados. Este es el <strong>colorante de alimentos<\/strong> Para usar cuando se busca un colorante alimentario rojo primario brillante. Obtendr\u00e1 un rojo vibrante sin sabor a colorante alimentario. Comb\u00ednelo con blancos para crear desde rosa pastel hasta rosa fucsia.<\/p>\n<p>Se requiere solo una peque\u00f1a cantidad para lograr el color deseado, lo que lo hace econ\u00f3mico y eficiente para uso a gran escala. Proporciona una distribuci\u00f3n uniforme del color en cada aplicaci\u00f3n, garantizando resultados profesionales y confiables.<\/p>\n<p><strong>El gal\u00f3n de 8 libras<\/strong> El tama\u00f1o es perfecto para uso comercial de gran volumen, lo que reduce la necesidad de reposici\u00f3n frecuente.<\/p>","protected":false},"excerpt":{"rendered":"<p>Flavorless, this food color gives you a vibrant red color without impacting the taste of your baked goods. This is the food coloring to use when you want a bright primary red food color. It will give you a vibrant red color without a food coloring taste. Combine it with whites to create everything from [&hellip;]<\/p>\n","protected":false},"featured_media":3534,"template":"","meta":{"_et_pb_use_builder":"","_et_pb_old_content":"","_et_gb_content_width":"","inline_featured_image":false},"product_brand":[],"product_cat":[165,66,65],"product_tag":[],"class_list":{"0":"post-509","1":"product","2":"type-product","3":"status-publish","4":"has-post-thumbnail","6":"product_cat-bakery-products","7":"product_cat-food-color","8":"product_cat-food-colors","10":"first","11":"instock","12":"shipping-taxable","13":"product-type-simple"},"_links":{"self":[{"href":"https:\/\/qbpus.com\/es\/wp-json\/wp\/v2\/product\/509","targetHints":{"allow":["GET"]}}],"collection":[{"href":"https:\/\/qbpus.com\/es\/wp-json\/wp\/v2\/product"}],"about":[{"href":"https:\/\/qbpus.com\/es\/wp-json\/wp\/v2\/types\/product"}],"wp:featuredmedia":[{"embeddable":true,"href":"https:\/\/qbpus.com\/es\/wp-json\/wp\/v2\/media\/3534"}],"wp:attachment":[{"href":"https:\/\/qbpus.com\/es\/wp-json\/wp\/v2\/media?parent=509"}],"wp:term":[{"taxonomy":"product_brand","embeddable":true,"href":"https:\/\/qbpus.com\/es\/wp-json\/wp\/v2\/product_brand?post=509"},{"taxonomy":"product_cat","embeddable":true,"href":"https:\/\/qbpus.com\/es\/wp-json\/wp\/v2\/product_cat?post=509"},{"taxonomy":"product_tag","embeddable":true,"href":"https:\/\/qbpus.com\/es\/wp-json\/wp\/v2\/product_tag?post=509"}],"curies":[{"name":"wp","href":"https:\/\/api.w.org\/{rel}","templated":true}]}}