{"id":496,"date":"2023-03-06T22:26:26","date_gmt":"2023-03-06T22:26:26","guid":{"rendered":"https:\/\/qbpus.com\/product\/almond-emulsion-10x-gal-8\/"},"modified":"2024-07-10T18:50:46","modified_gmt":"2024-07-10T18:50:46","slug":"almond-emulsion-10x-gal-8","status":"publish","type":"product","link":"https:\/\/qbpus.com\/es\/producto\/almond-emulsion-10x-gal-8\/","title":{"rendered":"Emulsi\u00f3n de Almendras 10X \u2013 Gal 8#"},"content":{"rendered":"<p>Con olor a cerezas y un cl\u00e1sico sabor a nuez, la emulsi\u00f3n de almendras agrega un sabor delicioso a tu comida. Puedes utilizar emulsi\u00f3n de almendras en cualquier receta que requiera vainilla. Ofrece un sabor a nuez m\u00e1s complejo y profundo que el sabor m\u00e1s suave de la vainilla. Algunos postres tradicionales con sabor a almendras incluyen galletas de almendras, galletas de mantequilla, biscotti y tartas. La emulsi\u00f3n de almendras tambi\u00e9n resalta maravillosamente los sabores de cereza y chocolate. Nos encantan las almendras en las tartas de chocolate.<\/p>","protected":false},"excerpt":{"rendered":"<p>With the smell of cherries and a classic nutty flavor, almond emulsion adds a decadent taste to your food. You can use almond emulsion in any recipe that calls for vanilla. It offers a more complex, deep nut flavor than vanilla&#8217;s mellower flavor. Some traditional almond-flavored desserts include almond cookies, shortbread, biscotti, and tarts. Almond [&hellip;]<\/p>\n","protected":false},"featured_media":2913,"template":"","meta":{"_et_pb_use_builder":"","_et_pb_old_content":"","_et_gb_content_width":"","inline_featured_image":false},"product_brand":[],"product_cat":[165,61],"product_tag":[],"class_list":{"0":"post-496","1":"product","2":"type-product","3":"status-publish","4":"has-post-thumbnail","6":"product_cat-bakery-products","7":"product_cat-emulsions","9":"first","10":"instock","11":"shipping-taxable","12":"product-type-simple"},"_links":{"self":[{"href":"https:\/\/qbpus.com\/es\/wp-json\/wp\/v2\/product\/496","targetHints":{"allow":["GET"]}}],"collection":[{"href":"https:\/\/qbpus.com\/es\/wp-json\/wp\/v2\/product"}],"about":[{"href":"https:\/\/qbpus.com\/es\/wp-json\/wp\/v2\/types\/product"}],"wp:featuredmedia":[{"embeddable":true,"href":"https:\/\/qbpus.com\/es\/wp-json\/wp\/v2\/media\/2913"}],"wp:attachment":[{"href":"https:\/\/qbpus.com\/es\/wp-json\/wp\/v2\/media?parent=496"}],"wp:term":[{"taxonomy":"product_brand","embeddable":true,"href":"https:\/\/qbpus.com\/es\/wp-json\/wp\/v2\/product_brand?post=496"},{"taxonomy":"product_cat","embeddable":true,"href":"https:\/\/qbpus.com\/es\/wp-json\/wp\/v2\/product_cat?post=496"},{"taxonomy":"product_tag","embeddable":true,"href":"https:\/\/qbpus.com\/es\/wp-json\/wp\/v2\/product_tag?post=496"}],"curies":[{"name":"wp","href":"https:\/\/api.w.org\/{rel}","templated":true}]}}