{"id":495,"date":"2023-03-06T22:26:26","date_gmt":"2023-03-06T22:26:26","guid":{"rendered":"https:\/\/qbpus.com\/product\/pineapple-emulsion-10x-gal-8\/"},"modified":"2024-07-10T18:48:31","modified_gmt":"2024-07-10T18:48:31","slug":"pineapple-emulsion-10x-gal-8","status":"publish","type":"product","link":"https:\/\/qbpus.com\/es\/producto\/pineapple-emulsion-10x-gal-8\/","title":{"rendered":"Emulsi\u00f3n de Pi\u00f1a 10X \u2013 Gal 8#"},"content":{"rendered":"<p>La pi\u00f1a crujiente, brillante y dulce es una familia tentadora y deliciosa. La pi\u00f1a es un postre de sabor popular y delicioso. Aporta un toque ex\u00f3tico a muchos postres y se asocia con muchos postres latinoamericanos. Muchos postres tienen rellenos de pi\u00f1a, pero puedes realzar el sabor de la pi\u00f1a agregando este saborizante a masas, rebozados, helados, paletas heladas y m\u00e1s.<\/p>","protected":false},"excerpt":{"rendered":"<p>Crisp, bright, and sweet pineapple is a tempting and delicious family. Pineapple is a popular and delicious dessert flavor. It brings an exotic flair to many desserts and is associated with many Latin American desserts. Many desserts have pineapple fillings, but you can boost the pineapple flavor by adding this flavoring to doughs, batters, ice [&hellip;]<\/p>\n","protected":false},"featured_media":2911,"template":"","meta":{"_et_pb_use_builder":"","_et_pb_old_content":"","_et_gb_content_width":"","inline_featured_image":false},"product_brand":[],"product_cat":[165,61],"product_tag":[],"class_list":{"0":"post-495","1":"product","2":"type-product","3":"status-publish","4":"has-post-thumbnail","6":"product_cat-bakery-products","7":"product_cat-emulsions","9":"first","10":"instock","11":"shipping-taxable","12":"product-type-simple"},"_links":{"self":[{"href":"https:\/\/qbpus.com\/es\/wp-json\/wp\/v2\/product\/495","targetHints":{"allow":["GET"]}}],"collection":[{"href":"https:\/\/qbpus.com\/es\/wp-json\/wp\/v2\/product"}],"about":[{"href":"https:\/\/qbpus.com\/es\/wp-json\/wp\/v2\/types\/product"}],"wp:featuredmedia":[{"embeddable":true,"href":"https:\/\/qbpus.com\/es\/wp-json\/wp\/v2\/media\/2911"}],"wp:attachment":[{"href":"https:\/\/qbpus.com\/es\/wp-json\/wp\/v2\/media?parent=495"}],"wp:term":[{"taxonomy":"product_brand","embeddable":true,"href":"https:\/\/qbpus.com\/es\/wp-json\/wp\/v2\/product_brand?post=495"},{"taxonomy":"product_cat","embeddable":true,"href":"https:\/\/qbpus.com\/es\/wp-json\/wp\/v2\/product_cat?post=495"},{"taxonomy":"product_tag","embeddable":true,"href":"https:\/\/qbpus.com\/es\/wp-json\/wp\/v2\/product_tag?post=495"}],"curies":[{"name":"wp","href":"https:\/\/api.w.org\/{rel}","templated":true}]}}