{"id":493,"date":"2023-03-06T22:26:26","date_gmt":"2023-03-06T22:26:26","guid":{"rendered":"https:\/\/qbpus.com\/product\/banana-emulsion-10x-gal-8\/"},"modified":"2024-11-04T16:28:31","modified_gmt":"2024-11-04T16:28:31","slug":"banana-emulsion-10x-gal-8","status":"publish","type":"product","link":"https:\/\/qbpus.com\/es\/producto\/banana-emulsion-10x-gal-8\/","title":{"rendered":"Emulsi\u00f3n de Pl\u00e1tano 10X \u2013 Gal 8#"},"content":{"rendered":"<p>Dulces y reconfortantes, los pl\u00e1tanos son la fruta reconfortante por excelencia. Esta emulsi\u00f3n de pl\u00e1tano de color amarillo brillante ofrece un profundo sabor a pl\u00e1tano. Nos encanta esto en lugar de vainilla en cualquier postre con sabor a pl\u00e1tano. \u00daselo para realzar el sabor de los pudines de pl\u00e1tano, las tartas de crema e incluso el pan de pl\u00e1tano.<\/p>","protected":false},"excerpt":{"rendered":"<p>Dulces y reconfortantes, los pl\u00e1tanos son la fruta reconfortante por excelencia. Esta emulsi\u00f3n de pl\u00e1tano de color amarillo brillante ofrece un profundo sabor a pl\u00e1tano. Nos encanta esto en lugar de vainilla en cualquier postre con sabor a pl\u00e1tano. \u00daselo para realzar el sabor de los pudines de pl\u00e1tano, las tartas de crema e incluso el pan de pl\u00e1tano.<\/p>","protected":false},"featured_media":2909,"template":"","meta":{"_et_pb_use_builder":"","_et_pb_old_content":"","_et_gb_content_width":"","inline_featured_image":false},"product_brand":[],"product_cat":[165,61],"product_tag":[],"class_list":{"0":"post-493","1":"product","2":"type-product","3":"status-publish","4":"has-post-thumbnail","6":"product_cat-bakery-products","7":"product_cat-emulsions","9":"first","10":"instock","11":"shipping-taxable","12":"product-type-simple"},"_links":{"self":[{"href":"https:\/\/qbpus.com\/es\/wp-json\/wp\/v2\/product\/493","targetHints":{"allow":["GET"]}}],"collection":[{"href":"https:\/\/qbpus.com\/es\/wp-json\/wp\/v2\/product"}],"about":[{"href":"https:\/\/qbpus.com\/es\/wp-json\/wp\/v2\/types\/product"}],"wp:featuredmedia":[{"embeddable":true,"href":"https:\/\/qbpus.com\/es\/wp-json\/wp\/v2\/media\/2909"}],"wp:attachment":[{"href":"https:\/\/qbpus.com\/es\/wp-json\/wp\/v2\/media?parent=493"}],"wp:term":[{"taxonomy":"product_brand","embeddable":true,"href":"https:\/\/qbpus.com\/es\/wp-json\/wp\/v2\/product_brand?post=493"},{"taxonomy":"product_cat","embeddable":true,"href":"https:\/\/qbpus.com\/es\/wp-json\/wp\/v2\/product_cat?post=493"},{"taxonomy":"product_tag","embeddable":true,"href":"https:\/\/qbpus.com\/es\/wp-json\/wp\/v2\/product_tag?post=493"}],"curies":[{"name":"wp","href":"https:\/\/api.w.org\/{rel}","templated":true}]}}