{"id":492,"date":"2023-03-06T22:26:26","date_gmt":"2023-03-06T22:26:26","guid":{"rendered":"https:\/\/qbpus.com\/product\/coconut-emulsion-10x-gal-8\/"},"modified":"2024-07-10T18:41:53","modified_gmt":"2024-07-10T18:41:53","slug":"coconut-emulsion-10x-gal-8","status":"publish","type":"product","link":"https:\/\/qbpus.com\/es\/producto\/coconut-emulsion-10x-gal-8\/","title":{"rendered":"Emulsi\u00f3n de Coco 10X \u2013 Gal 8#"},"content":{"rendered":"<p>Tropical y tentadora, esta emulsi\u00f3n de coco es la forma m\u00e1s f\u00e1cil de agregar un sabor isle\u00f1o a sus productos horneados. Esta emulsi\u00f3n es una excelente opci\u00f3n si quieres sabor a coco en tus productos horneados. Proporciona todos los sabores que deseas pero sin la textura escamosa del coco. Esa es una gran opci\u00f3n. A algunas personas les encanta el sabor del coco pero no su textura. Esta emulsi\u00f3n ofrece la soluci\u00f3n perfecta.<\/p>","protected":false},"excerpt":{"rendered":"<p>Tropical and tempting, this coconut emulsion is the easiest way to add an island taste to your baked goods. This emulsion is an excellent option if you want coconut flavor in your baked goods. It provides all of the flavors you want but without the flakey texture of coconut. That is a great option. Some [&hellip;]<\/p>\n","protected":false},"featured_media":2907,"template":"","meta":{"_et_pb_use_builder":"","_et_pb_old_content":"","_et_gb_content_width":"","inline_featured_image":false},"product_brand":[],"product_cat":[165,61],"product_tag":[],"class_list":{"0":"post-492","1":"product","2":"type-product","3":"status-publish","4":"has-post-thumbnail","6":"product_cat-bakery-products","7":"product_cat-emulsions","9":"first","10":"instock","11":"shipping-taxable","12":"product-type-simple"},"_links":{"self":[{"href":"https:\/\/qbpus.com\/es\/wp-json\/wp\/v2\/product\/492","targetHints":{"allow":["GET"]}}],"collection":[{"href":"https:\/\/qbpus.com\/es\/wp-json\/wp\/v2\/product"}],"about":[{"href":"https:\/\/qbpus.com\/es\/wp-json\/wp\/v2\/types\/product"}],"wp:featuredmedia":[{"embeddable":true,"href":"https:\/\/qbpus.com\/es\/wp-json\/wp\/v2\/media\/2907"}],"wp:attachment":[{"href":"https:\/\/qbpus.com\/es\/wp-json\/wp\/v2\/media?parent=492"}],"wp:term":[{"taxonomy":"product_brand","embeddable":true,"href":"https:\/\/qbpus.com\/es\/wp-json\/wp\/v2\/product_brand?post=492"},{"taxonomy":"product_cat","embeddable":true,"href":"https:\/\/qbpus.com\/es\/wp-json\/wp\/v2\/product_cat?post=492"},{"taxonomy":"product_tag","embeddable":true,"href":"https:\/\/qbpus.com\/es\/wp-json\/wp\/v2\/product_tag?post=492"}],"curies":[{"name":"wp","href":"https:\/\/api.w.org\/{rel}","templated":true}]}}