{"id":491,"date":"2023-03-06T22:26:26","date_gmt":"2023-03-06T22:26:26","guid":{"rendered":"https:\/\/qbpus.com\/product\/lemon-emulsion-10x-gal-8\/"},"modified":"2024-07-10T17:29:49","modified_gmt":"2024-07-10T17:29:49","slug":"lemon-emulsion-10x-gal-8","status":"publish","type":"product","link":"https:\/\/qbpus.com\/es\/producto\/lemon-emulsion-10x-gal-8\/","title":{"rendered":"Emulsi\u00f3n de Lim\u00f3n 10X \u2013 Gal 8#"},"content":{"rendered":"<p>\u00c1cida, intensa y brillante, esta emulsi\u00f3n de lim\u00f3n agregar\u00e1 un sabor picante y delicioso a sus productos horneados. Mientras que los extractos est\u00e1n en alcohol, las emulsiones est\u00e1n en una base acuosa. Eso significa que son estables a temperaturas m\u00e1s altas. Elija esta emulsi\u00f3n de lim\u00f3n cuando quiera asegurarse de que su sabor a lim\u00f3n perdure. Amarillo intenso y brillante. Sabor c\u00edtrico brillante y ligeramente \u00e1cido.<\/p>","protected":false},"excerpt":{"rendered":"<p>Tart, intense, and bright, this lemon emulsion will add tangy, delicious flavor to your baked goods. While extracts are in alcohol, emulsions are in a water base. That means that they are stable at higher heat. Choose this lemon emulsion when you want to make sure your lemon flavor lasts. Intense bright yellow. Bright, mildly [&hellip;]<\/p>\n","protected":false},"featured_media":2901,"template":"","meta":{"_et_pb_use_builder":"","_et_pb_old_content":"","_et_gb_content_width":"","inline_featured_image":false},"product_brand":[],"product_cat":[165,61],"product_tag":[],"class_list":{"0":"post-491","1":"product","2":"type-product","3":"status-publish","4":"has-post-thumbnail","6":"product_cat-bakery-products","7":"product_cat-emulsions","9":"first","10":"instock","11":"shipping-taxable","12":"product-type-simple"},"_links":{"self":[{"href":"https:\/\/qbpus.com\/es\/wp-json\/wp\/v2\/product\/491","targetHints":{"allow":["GET"]}}],"collection":[{"href":"https:\/\/qbpus.com\/es\/wp-json\/wp\/v2\/product"}],"about":[{"href":"https:\/\/qbpus.com\/es\/wp-json\/wp\/v2\/types\/product"}],"wp:featuredmedia":[{"embeddable":true,"href":"https:\/\/qbpus.com\/es\/wp-json\/wp\/v2\/media\/2901"}],"wp:attachment":[{"href":"https:\/\/qbpus.com\/es\/wp-json\/wp\/v2\/media?parent=491"}],"wp:term":[{"taxonomy":"product_brand","embeddable":true,"href":"https:\/\/qbpus.com\/es\/wp-json\/wp\/v2\/product_brand?post=491"},{"taxonomy":"product_cat","embeddable":true,"href":"https:\/\/qbpus.com\/es\/wp-json\/wp\/v2\/product_cat?post=491"},{"taxonomy":"product_tag","embeddable":true,"href":"https:\/\/qbpus.com\/es\/wp-json\/wp\/v2\/product_tag?post=491"}],"curies":[{"name":"wp","href":"https:\/\/api.w.org\/{rel}","templated":true}]}}