{"id":490,"date":"2023-03-06T22:26:26","date_gmt":"2023-03-06T22:26:26","guid":{"rendered":"https:\/\/qbpus.com\/product\/strawberry-emulsion-10x-gal-8\/"},"modified":"2024-07-10T17:33:58","modified_gmt":"2024-07-10T17:33:58","slug":"strawberry-emulsion-10x-gal-8","status":"publish","type":"product","link":"https:\/\/qbpus.com\/es\/producto\/strawberry-emulsion-10x-gal-8\/","title":{"rendered":"Emulsi\u00f3n Fresa 10X \u2013 Gal 8#"},"content":{"rendered":"<p>Suculento y seductor, el sabor de la fresa es una manera f\u00e1cil de agregar un toque de romance a sus productos horneados. Nuestra emulsi\u00f3n de fresa es una manera f\u00e1cil de agregar el sabor de las bayas frescas y maduras a todos sus productos horneados. Uno de los inconvenientes de utilizar fresas frescas en tus postres es su alto contenido en agua. Puede resultar complicado obtener el sabor que desea manteniendo el equilibrio de humedad adecuado. Utilice nuestra emulsi\u00f3n para obtener ese aut\u00e9ntico sabor a fresa sin agregar humedad adicional a sus productos horneados. Puede usarlo como saborizante independiente o como saborizante de bayas naturales en su receta. Pru\u00e9balo en nuestra crema b\u00e1vara ya preparada para hacer un delicioso y cremoso relleno de fresa que queda genial para el D\u00eda de San Valent\u00edn.<\/p>","protected":false},"excerpt":{"rendered":"<p>Succulent and seductive, the taste of strawberry is an easy way to add a hint of romance to your baked goods. Our strawberry emulsion is an easy way to add the taste of fresh, ripe berries to all of your baked goods. One of the drawbacks to using fresh strawberries in your desserts is their [&hellip;]<\/p>\n","protected":false},"featured_media":2903,"template":"","meta":{"_et_pb_use_builder":"","_et_pb_old_content":"","_et_gb_content_width":"","inline_featured_image":false},"product_brand":[],"product_cat":[165,61],"product_tag":[],"class_list":{"0":"post-490","1":"product","2":"type-product","3":"status-publish","4":"has-post-thumbnail","6":"product_cat-bakery-products","7":"product_cat-emulsions","9":"first","10":"instock","11":"shipping-taxable","12":"product-type-simple"},"_links":{"self":[{"href":"https:\/\/qbpus.com\/es\/wp-json\/wp\/v2\/product\/490","targetHints":{"allow":["GET"]}}],"collection":[{"href":"https:\/\/qbpus.com\/es\/wp-json\/wp\/v2\/product"}],"about":[{"href":"https:\/\/qbpus.com\/es\/wp-json\/wp\/v2\/types\/product"}],"wp:featuredmedia":[{"embeddable":true,"href":"https:\/\/qbpus.com\/es\/wp-json\/wp\/v2\/media\/2903"}],"wp:attachment":[{"href":"https:\/\/qbpus.com\/es\/wp-json\/wp\/v2\/media?parent=490"}],"wp:term":[{"taxonomy":"product_brand","embeddable":true,"href":"https:\/\/qbpus.com\/es\/wp-json\/wp\/v2\/product_brand?post=490"},{"taxonomy":"product_cat","embeddable":true,"href":"https:\/\/qbpus.com\/es\/wp-json\/wp\/v2\/product_cat?post=490"},{"taxonomy":"product_tag","embeddable":true,"href":"https:\/\/qbpus.com\/es\/wp-json\/wp\/v2\/product_tag?post=490"}],"curies":[{"name":"wp","href":"https:\/\/api.w.org\/{rel}","templated":true}]}}