{"id":473,"date":"2023-03-06T22:26:24","date_gmt":"2023-03-06T22:26:24","guid":{"rendered":"https:\/\/qbpus.com\/product\/special-donut-glaze-45\/"},"modified":"2026-03-17T15:59:43","modified_gmt":"2026-03-17T15:59:43","slug":"special-donut-glaze-44","status":"publish","type":"product","link":"https:\/\/qbpus.com\/es\/producto\/special-donut-glaze-44\/","title":{"rendered":"Special Donut Glaze &#8211; 44#"},"content":{"rendered":"<p>\u00bfHay algo m\u00e1s tentador que una velada c\u00e1lida y glaseada? Si has estado buscando la velada perfecta <strong>Glaseado de donut<\/strong>, tu b\u00fasqueda ha terminado. Este glaseado es ideal para hacer rosquillas ligeramente crujientes. \u00dasalo sobre rosquillas fritas o de pastel est\u00e1ndar. Recomendamos calentarlas ligeramente para que los clientes tengan el sabor ic\u00f3nico de las rosquillas glaseadas en tu tienda. Los clientes tambi\u00e9n pueden calentar las rosquillas en casa para recuperar ese sabor reci\u00e9n horneadas. Este glaseado proporciona el acabado suave y brillante ideal que realza la apariencia de las rosquillas, haci\u00e9ndolas m\u00e1s atractivas para los clientes.<\/p>\n<p>El <strong>vidriado<\/strong> Ofrece una excelente cobertura, asegurando una capa uniforme en cada dona, lo que ayuda a mantener la consistencia en lotes grandes.<\/p>\n<p>El <strong>44 lbs pail<\/strong> Es perfecto para la producci\u00f3n de donas de gran volumen, reduciendo la frecuencia de reposici\u00f3n y garantizando que su panader\u00eda pueda satisfacer la demanda.<\/p>","protected":false},"excerpt":{"rendered":"<p>Is there anything quite as tempting as a warm, glazed tonight? If you have been looking for the perfect Donut Glaze, your search is over. This glaze makes the ideal, slightly crackling donut glaze. Use it on top of standard fried or cake donuts. We recommend heating them slightly for customers for the iconic glazed [&hellip;]<\/p>\n","protected":false},"featured_media":3807,"template":"","meta":{"_et_pb_use_builder":"","_et_pb_old_content":"","_et_gb_content_width":"","inline_featured_image":false},"product_brand":[],"product_cat":[15],"product_tag":[],"class_list":{"0":"post-473","1":"product","2":"type-product","3":"status-publish","4":"has-post-thumbnail","6":"product_cat-uncategorized","8":"first","9":"instock","10":"shipping-taxable","11":"product-type-simple"},"_links":{"self":[{"href":"https:\/\/qbpus.com\/es\/wp-json\/wp\/v2\/product\/473","targetHints":{"allow":["GET"]}}],"collection":[{"href":"https:\/\/qbpus.com\/es\/wp-json\/wp\/v2\/product"}],"about":[{"href":"https:\/\/qbpus.com\/es\/wp-json\/wp\/v2\/types\/product"}],"wp:featuredmedia":[{"embeddable":true,"href":"https:\/\/qbpus.com\/es\/wp-json\/wp\/v2\/media\/3807"}],"wp:attachment":[{"href":"https:\/\/qbpus.com\/es\/wp-json\/wp\/v2\/media?parent=473"}],"wp:term":[{"taxonomy":"product_brand","embeddable":true,"href":"https:\/\/qbpus.com\/es\/wp-json\/wp\/v2\/product_brand?post=473"},{"taxonomy":"product_cat","embeddable":true,"href":"https:\/\/qbpus.com\/es\/wp-json\/wp\/v2\/product_cat?post=473"},{"taxonomy":"product_tag","embeddable":true,"href":"https:\/\/qbpus.com\/es\/wp-json\/wp\/v2\/product_tag?post=473"}],"curies":[{"name":"wp","href":"https:\/\/api.w.org\/{rel}","templated":true}]}}