{"id":472,"date":"2023-03-06T22:26:24","date_gmt":"2023-03-06T22:26:24","guid":{"rendered":"https:\/\/qbpus.com\/product\/strawberry-glaze-21\/"},"modified":"2026-03-17T15:58:38","modified_gmt":"2026-03-17T15:58:38","slug":"strawberry-glaze-20-5","status":"publish","type":"product","link":"https:\/\/qbpus.com\/es\/producto\/strawberry-glaze-20-5\/","title":{"rendered":"Strawberry Glaze &#8211; 20.5#"},"content":{"rendered":"<p>Delicioso, suave y dulce, este glaseado brillante y sabroso hace que sus postres sean tentadores. Este glaseado listo para usar <strong>glaseado de fresa<\/strong> Es perfecto para muchas cosas. Con una combinaci\u00f3n de fresas frescas, algunos agentes espesantes, un poco de l\u00edquido y un poco de edulcorante, este glaseado le brinda un aut\u00e9ntico sabor a fresa con una textura suave. Este glaseado de fresa ofrece un sabor a fresa vibrante y consistente que realza el sabor de los postres, asegurando que cada bocado sea tan delicioso como el anterior.<\/p>\n<p>Perfecto para tartas, pasteles, pasteles y otros postres, el glaseado es f\u00e1cil de esparcir y se adhiere bien a varias superficies, lo que lo convierte en un complemento vers\u00e1til para cualquier cocina.<\/p>\n<p>The 20.5 lbs pail is ideal for commercial bakeries and large-scale production, reducing the need for frequent reordering and ensuring a steady supply for your bakery needs.<\/p>","protected":false},"excerpt":{"rendered":"<p>Delicious, smooth, and sweet, this bright and flavorful glaze makes your desserts tempting. This ready-to-use strawberry glaze is perfect for so many things. With a combination of fresh strawberries, some thickening agents, a little liquid, and a little sweetener, this glaze gives you authentic strawberry flavor with a smooth texture. This strawberry glaze offers a [&hellip;]<\/p>\n","protected":false},"featured_media":2886,"template":"","meta":{"_et_pb_use_builder":"","_et_pb_old_content":"","_et_gb_content_width":"","inline_featured_image":false},"product_brand":[],"product_cat":[15],"product_tag":[],"class_list":{"0":"post-472","1":"product","2":"type-product","3":"status-publish","4":"has-post-thumbnail","6":"product_cat-uncategorized","8":"first","9":"instock","10":"shipping-taxable","11":"product-type-simple"},"_links":{"self":[{"href":"https:\/\/qbpus.com\/es\/wp-json\/wp\/v2\/product\/472","targetHints":{"allow":["GET"]}}],"collection":[{"href":"https:\/\/qbpus.com\/es\/wp-json\/wp\/v2\/product"}],"about":[{"href":"https:\/\/qbpus.com\/es\/wp-json\/wp\/v2\/types\/product"}],"wp:featuredmedia":[{"embeddable":true,"href":"https:\/\/qbpus.com\/es\/wp-json\/wp\/v2\/media\/2886"}],"wp:attachment":[{"href":"https:\/\/qbpus.com\/es\/wp-json\/wp\/v2\/media?parent=472"}],"wp:term":[{"taxonomy":"product_brand","embeddable":true,"href":"https:\/\/qbpus.com\/es\/wp-json\/wp\/v2\/product_brand?post=472"},{"taxonomy":"product_cat","embeddable":true,"href":"https:\/\/qbpus.com\/es\/wp-json\/wp\/v2\/product_cat?post=472"},{"taxonomy":"product_tag","embeddable":true,"href":"https:\/\/qbpus.com\/es\/wp-json\/wp\/v2\/product_tag?post=472"}],"curies":[{"name":"wp","href":"https:\/\/api.w.org\/{rel}","templated":true}]}}