{"id":458,"date":"2023-03-06T22:26:23","date_gmt":"2023-03-06T22:26:23","guid":{"rendered":"https:\/\/qbpus.com\/product\/ready-to-use-roll-icing-45\/"},"modified":"2025-11-20T18:20:43","modified_gmt":"2025-11-20T18:20:43","slug":"ready-to-use-roll-icing-45","status":"publish","type":"product","link":"https:\/\/qbpus.com\/es\/producto\/ready-to-use-roll-icing-45\/","title":{"rendered":"Glaseado en rollo listo para usar \u2013 45#"},"content":{"rendered":"<p>Hermoso, suave y con un sabor neutro, este<strong> formaci\u00f3n de hielo<\/strong> Puede ayudarte a convertir tus pasteles en obras maestras. Tambi\u00e9n conocido como fondant, pasta de az\u00facar, Pettinice o glaseado pl\u00e1stico, el glaseado en rollo es una opci\u00f3n popular para decorar pasteles y cupcakes. El fondant es una pasta espesa y maleable. Si bien viene en blanco, puedes usar colorante alimentario para te\u00f1irlo de casi cualquier color. Si bien el fondant es la mejor opci\u00f3n cuando necesitas un glaseado decorativo suave y maleable, carece de los sabores de algunos otros glaseados. Puedes agregarle saborizantes a tu fondant.<\/p>\n<p>Este glaseado enrollado est\u00e1 preparado previamente y listo para usar directamente desde el balde, lo que reduce significativamente el tiempo de preparaci\u00f3n y la mano de obra en entornos de panader\u00eda con mucha actividad.<\/p>\n<p>Perfecto para una variedad de aplicaciones, desde cubrir pasteles hasta crear decoraciones complejas, este glaseado ofrece versatilidad para todas sus necesidades de panader\u00eda.<\/p>\n<p>El cubo de 45 libras est\u00e1 dise\u00f1ado para uso de gran volumen, lo que garantiza que tenga un suministro suficiente para la producci\u00f3n a gran escala, minimizando la necesidad de reposici\u00f3n frecuente.<\/p>\n<p>&nbsp;<\/p>","protected":false},"excerpt":{"rendered":"<p>Beautiful, smooth, and with a neutral flavor, this icing can help you turn your cakes into masterpieces. Also known as fondant, sugar paste, Pettinice, or plastic icing, roll icing is a popular choice for decorating cakes and cupcakes. Fondant is a thick, pliable paste. While it comes in white, you can use food coloring to [&hellip;]<\/p>\n","protected":false},"featured_media":2877,"template":"","meta":{"_et_pb_use_builder":"","_et_pb_old_content":"","_et_gb_content_width":"","inline_featured_image":false},"product_brand":[],"product_cat":[15],"product_tag":[],"class_list":{"0":"post-458","1":"product","2":"type-product","3":"status-publish","4":"has-post-thumbnail","6":"product_cat-uncategorized","8":"first","9":"instock","10":"shipping-taxable","11":"product-type-simple"},"_links":{"self":[{"href":"https:\/\/qbpus.com\/es\/wp-json\/wp\/v2\/product\/458","targetHints":{"allow":["GET"]}}],"collection":[{"href":"https:\/\/qbpus.com\/es\/wp-json\/wp\/v2\/product"}],"about":[{"href":"https:\/\/qbpus.com\/es\/wp-json\/wp\/v2\/types\/product"}],"wp:featuredmedia":[{"embeddable":true,"href":"https:\/\/qbpus.com\/es\/wp-json\/wp\/v2\/media\/2877"}],"wp:attachment":[{"href":"https:\/\/qbpus.com\/es\/wp-json\/wp\/v2\/media?parent=458"}],"wp:term":[{"taxonomy":"product_brand","embeddable":true,"href":"https:\/\/qbpus.com\/es\/wp-json\/wp\/v2\/product_brand?post=458"},{"taxonomy":"product_cat","embeddable":true,"href":"https:\/\/qbpus.com\/es\/wp-json\/wp\/v2\/product_cat?post=458"},{"taxonomy":"product_tag","embeddable":true,"href":"https:\/\/qbpus.com\/es\/wp-json\/wp\/v2\/product_tag?post=458"}],"curies":[{"name":"wp","href":"https:\/\/api.w.org\/{rel}","templated":true}]}}