{"id":454,"date":"2023-03-06T22:26:23","date_gmt":"2023-03-06T22:26:23","guid":{"rendered":"https:\/\/qbpus.com\/product\/naturally-pumpkin-flavored-creme-filling-38\/"},"modified":"2024-04-16T15:28:08","modified_gmt":"2024-04-16T15:28:08","slug":"naturally-pumpkin-flavored-creme-filling-38","status":"publish","type":"product","link":"https:\/\/qbpus.com\/es\/producto\/naturally-pumpkin-flavored-creme-filling-38\/","title":{"rendered":"Relleno de crema con sabor natural a calabaza - 38#"},"content":{"rendered":"<p>Aterciopelado, suave, suave y delicioso, nuestro relleno de pastel de calabaza con sabor natural es perfecto para tus pasteles de calabaza y otros postres. Este relleno de tarta cremoso tiene un delicioso sabor a calabaza. Esto no es ninguna sorpresa, ya que tiene un sabor natural con calabazas reales. Ideal para pasteles de crema de calabaza, pasteles de calabaza y como capa en pastel de queso y calabaza, este relleno vers\u00e1til deber\u00eda ser un elemento b\u00e1sico de las fiestas en su panader\u00eda. Un sabor a naranja tostado que captura perfectamente la esencia del oto\u00f1o.<\/p>","protected":false},"excerpt":{"rendered":"<p>Velvety, smooth, mild, and delicious, our naturally flavored pumpkin pie filling is perfect for your pumpkin pies and other desserts. This creamy pie filling has a great pumpkin flavor. That is no surprise since it is naturally flavored with real pumpkins. Ideal for pumpkin cr\u00e8me pies, pumpkin hand pies, and as a layer in pumpkin [&hellip;]<\/p>\n","protected":false},"featured_media":1098,"template":"","meta":{"_et_pb_use_builder":"","_et_pb_old_content":"","_et_gb_content_width":"","inline_featured_image":false},"product_brand":[],"product_cat":[39,46],"product_tag":[],"class_list":{"0":"post-454","1":"product","2":"type-product","3":"status-publish","4":"has-post-thumbnail","6":"product_cat-pie-fillings","7":"product_cat-pie-fillings-nat-flavored","9":"first","10":"instock","11":"shipping-taxable","12":"product-type-simple"},"_links":{"self":[{"href":"https:\/\/qbpus.com\/es\/wp-json\/wp\/v2\/product\/454","targetHints":{"allow":["GET"]}}],"collection":[{"href":"https:\/\/qbpus.com\/es\/wp-json\/wp\/v2\/product"}],"about":[{"href":"https:\/\/qbpus.com\/es\/wp-json\/wp\/v2\/types\/product"}],"wp:featuredmedia":[{"embeddable":true,"href":"https:\/\/qbpus.com\/es\/wp-json\/wp\/v2\/media\/1098"}],"wp:attachment":[{"href":"https:\/\/qbpus.com\/es\/wp-json\/wp\/v2\/media?parent=454"}],"wp:term":[{"taxonomy":"product_brand","embeddable":true,"href":"https:\/\/qbpus.com\/es\/wp-json\/wp\/v2\/product_brand?post=454"},{"taxonomy":"product_cat","embeddable":true,"href":"https:\/\/qbpus.com\/es\/wp-json\/wp\/v2\/product_cat?post=454"},{"taxonomy":"product_tag","embeddable":true,"href":"https:\/\/qbpus.com\/es\/wp-json\/wp\/v2\/product_tag?post=454"}],"curies":[{"name":"wp","href":"https:\/\/api.w.org\/{rel}","templated":true}]}}