{"id":451,"date":"2023-03-06T22:26:22","date_gmt":"2023-03-06T22:26:22","guid":{"rendered":"https:\/\/qbpus.com\/product\/no-sugar-added-strawberry-pie-filling-36\/"},"modified":"2026-03-11T16:02:35","modified_gmt":"2026-03-11T16:02:35","slug":"no-sugar-added-strawberry-pie-filling-35","status":"publish","type":"product","link":"https:\/\/qbpus.com\/es\/producto\/no-sugar-added-strawberry-pie-filling-35\/","title":{"rendered":"No Sugar Added Strawberry Pie Filling &#8211; 35#"},"content":{"rendered":"<p>Deliciosamente suave y rebosante de aut\u00e9ntico sabor a fresa, nuestro <strong>Relleno de fresa sin az\u00facar a\u00f1adido<\/strong> Es la opci\u00f3n perfecta para tartas, empanadas, pasteles daneses y m\u00e1s. Elaborado con fresas maduras y jugosas, ofrece un dulzor natural sin az\u00facar a\u00f1adido, ideal para preparar postres bajos en az\u00facar. Aunque no es completamente libre de az\u00facar, ya que las fresas contienen az\u00facares naturales, es una excelente manera de ofrecer postres m\u00e1s ligeros y bajos en calor\u00edas sin sacrificar el sabor.<\/p>\n<p><strong>Textura rica y suave.<\/strong>deal for baking and pastry applications. Available in a <strong>35 lb pail<\/strong>Perfecto para panader\u00edas y servicios de alimentaci\u00f3n. Ideal para tartas, empanadas, pasteles daneses y mucho m\u00e1s.<\/p>","protected":false},"excerpt":{"rendered":"<p>Lusciously smooth and bursting with real strawberry flavor, our No-Sugar-Added Strawberry Filling is the perfect choice for pies, turnovers, danishes, and more. Made from ripe, juicy strawberries, it delivers natural sweetness without added sugar, making it ideal for crafting lower-sugar desserts. While not completely sugar-free, since strawberries contain natural sugars, it\u2019s a great way to [&hellip;]<\/p>\n","protected":false},"featured_media":3787,"template":"","meta":{"_et_pb_use_builder":"","_et_pb_old_content":"","_et_gb_content_width":"","inline_featured_image":false},"product_brand":[],"product_cat":[15],"product_tag":[],"class_list":{"0":"post-451","1":"product","2":"type-product","3":"status-publish","4":"has-post-thumbnail","6":"product_cat-uncategorized","8":"first","9":"instock","10":"shipping-taxable","11":"product-type-simple"},"_links":{"self":[{"href":"https:\/\/qbpus.com\/es\/wp-json\/wp\/v2\/product\/451","targetHints":{"allow":["GET"]}}],"collection":[{"href":"https:\/\/qbpus.com\/es\/wp-json\/wp\/v2\/product"}],"about":[{"href":"https:\/\/qbpus.com\/es\/wp-json\/wp\/v2\/types\/product"}],"wp:featuredmedia":[{"embeddable":true,"href":"https:\/\/qbpus.com\/es\/wp-json\/wp\/v2\/media\/3787"}],"wp:attachment":[{"href":"https:\/\/qbpus.com\/es\/wp-json\/wp\/v2\/media?parent=451"}],"wp:term":[{"taxonomy":"product_brand","embeddable":true,"href":"https:\/\/qbpus.com\/es\/wp-json\/wp\/v2\/product_brand?post=451"},{"taxonomy":"product_cat","embeddable":true,"href":"https:\/\/qbpus.com\/es\/wp-json\/wp\/v2\/product_cat?post=451"},{"taxonomy":"product_tag","embeddable":true,"href":"https:\/\/qbpus.com\/es\/wp-json\/wp\/v2\/product_tag?post=451"}],"curies":[{"name":"wp","href":"https:\/\/api.w.org\/{rel}","templated":true}]}}