{"id":444,"date":"2023-03-06T22:26:21","date_gmt":"2023-03-06T22:26:21","guid":{"rendered":"https:\/\/qbpus.com\/product\/multi-use-pineapple-filling-38\/"},"modified":"2026-03-12T14:23:07","modified_gmt":"2026-03-12T14:23:07","slug":"multi-use-pineapple-filling-38","status":"publish","type":"product","link":"https:\/\/qbpus.com\/es\/producto\/multi-use-pineapple-filling-38\/","title":{"rendered":"Relleno de Pi\u00f1a Multiusos \u2013 38#"},"content":{"rendered":"<p>El sabor de las islas en cada bocado, dulce, \u00e1cido y con el verdadero sabor de la pi\u00f1a, este relleno estalla de sabor. Perfecto para pasteles, donas y cupcakes o tartas, este relleno lo hace todo. Tiene un sabor fresco y dulce. Tiene aut\u00e9nticos trozos de pi\u00f1a, pero tambi\u00e9n tiene una consistencia suave que rodea la pi\u00f1a. El sabor es m\u00e1s dulce que el de la pi\u00f1a, por lo que el relleno est\u00e1 listo para utilizar en cualquiera de tus postres.<\/p>","protected":false},"excerpt":{"rendered":"<p>The taste of the islands in every bite, sweet, tart, and with the true taste of pineapples, this filling bursts with flavor. Perfect for pastries, donuts, and cupcakes or cakes, this filling does it all. It has a fresh, sweet flavor. It has authentic pieces of pineapple, but it also has a smooth consistency surrounding [&hellip;]<\/p>\n","protected":false},"featured_media":2618,"template":"","meta":{"_et_pb_use_builder":"","_et_pb_old_content":"","_et_gb_content_width":"","inline_featured_image":false},"product_brand":[],"product_cat":[15],"product_tag":[],"class_list":{"0":"post-444","1":"product","2":"type-product","3":"status-publish","4":"has-post-thumbnail","6":"product_cat-uncategorized","8":"first","9":"instock","10":"shipping-taxable","11":"product-type-simple"},"_links":{"self":[{"href":"https:\/\/qbpus.com\/es\/wp-json\/wp\/v2\/product\/444","targetHints":{"allow":["GET"]}}],"collection":[{"href":"https:\/\/qbpus.com\/es\/wp-json\/wp\/v2\/product"}],"about":[{"href":"https:\/\/qbpus.com\/es\/wp-json\/wp\/v2\/types\/product"}],"wp:featuredmedia":[{"embeddable":true,"href":"https:\/\/qbpus.com\/es\/wp-json\/wp\/v2\/media\/2618"}],"wp:attachment":[{"href":"https:\/\/qbpus.com\/es\/wp-json\/wp\/v2\/media?parent=444"}],"wp:term":[{"taxonomy":"product_brand","embeddable":true,"href":"https:\/\/qbpus.com\/es\/wp-json\/wp\/v2\/product_brand?post=444"},{"taxonomy":"product_cat","embeddable":true,"href":"https:\/\/qbpus.com\/es\/wp-json\/wp\/v2\/product_cat?post=444"},{"taxonomy":"product_tag","embeddable":true,"href":"https:\/\/qbpus.com\/es\/wp-json\/wp\/v2\/product_tag?post=444"}],"curies":[{"name":"wp","href":"https:\/\/api.w.org\/{rel}","templated":true}]}}