{"id":437,"date":"2023-03-06T22:26:21","date_gmt":"2023-03-06T22:26:21","guid":{"rendered":"https:\/\/qbpus.com\/product\/frzn-buttermilk-pie-filling-19\/"},"modified":"2025-10-21T17:58:36","modified_gmt":"2025-10-21T17:58:36","slug":"frzn-buttermilk-pie-filling-18-5","status":"publish","type":"product","link":"https:\/\/qbpus.com\/es\/producto\/frzn-buttermilk-pie-filling-18-5\/","title":{"rendered":"Frzn Buttermilk Pie Filling &#8211; 18.5#"},"content":{"rendered":"<p>Profundo, picante y cremoso, este relleno lo convierte en un postre delicioso. S\u00faper dulce con un color dorado claro hace que este relleno sea una base excelente para una variedad de pasteles de suero de leche. De sabor similar a la cr\u00e8me br\u00fbl\u00e9e, el pastel de suero de leche es uno de esos postres vers\u00e1tiles que a los chefs les encanta personalizar. Puedes empezar con nuestro relleno como base y personalizar este pastel de suero de leche para tu restaurante. Seguir\u00e1 obteniendo la misma capa superior crujiente, incluso si agrega saborizantes o ingredientes adicionales.<\/p>","protected":false},"excerpt":{"rendered":"<p>Deep, tangy, and creamy, this filling makes for a decadent dessert. Super-sweet with a light golden color makes this filling a great base for a variety of buttermilk pies. Similar in taste to a cr\u00e8me br\u00fbl\u00e9e, buttermilk pie is one of those versatile desserts that chefs love to customize. You can start with our filling [&hellip;]<\/p>\n","protected":false},"featured_media":2971,"template":"","meta":{"_et_pb_use_builder":"","_et_pb_old_content":"","_et_gb_content_width":"","inline_featured_image":false},"product_brand":[],"product_cat":[165,39,43],"product_tag":[],"class_list":{"0":"post-437","1":"product","2":"type-product","3":"status-publish","4":"has-post-thumbnail","6":"product_cat-bakery-products","7":"product_cat-pie-fillings","8":"product_cat-pie-fillings-frozen","10":"first","11":"instock","12":"shipping-taxable","13":"product-type-simple"},"_links":{"self":[{"href":"https:\/\/qbpus.com\/es\/wp-json\/wp\/v2\/product\/437","targetHints":{"allow":["GET"]}}],"collection":[{"href":"https:\/\/qbpus.com\/es\/wp-json\/wp\/v2\/product"}],"about":[{"href":"https:\/\/qbpus.com\/es\/wp-json\/wp\/v2\/types\/product"}],"wp:featuredmedia":[{"embeddable":true,"href":"https:\/\/qbpus.com\/es\/wp-json\/wp\/v2\/media\/2971"}],"wp:attachment":[{"href":"https:\/\/qbpus.com\/es\/wp-json\/wp\/v2\/media?parent=437"}],"wp:term":[{"taxonomy":"product_brand","embeddable":true,"href":"https:\/\/qbpus.com\/es\/wp-json\/wp\/v2\/product_brand?post=437"},{"taxonomy":"product_cat","embeddable":true,"href":"https:\/\/qbpus.com\/es\/wp-json\/wp\/v2\/product_cat?post=437"},{"taxonomy":"product_tag","embeddable":true,"href":"https:\/\/qbpus.com\/es\/wp-json\/wp\/v2\/product_tag?post=437"}],"curies":[{"name":"wp","href":"https:\/\/api.w.org\/{rel}","templated":true}]}}