{"id":436,"date":"2023-03-06T22:26:21","date_gmt":"2023-03-06T22:26:21","guid":{"rendered":"https:\/\/qbpus.com\/product\/frzn-royal-coconut-creme-filling-20\/"},"modified":"2025-03-31T15:52:26","modified_gmt":"2025-03-31T15:52:26","slug":"frzn-royal-coconut-creme-filling-20","status":"publish","type":"product","link":"https:\/\/qbpus.com\/es\/producto\/frzn-royal-coconut-creme-filling-20\/","title":{"rendered":"Relleno de crema de coco Frzn Royal \u2013 20#"},"content":{"rendered":"<p>Eleve sus postres con la indulgencia tropical de nuestros <strong>Relleno de crema de coco real congelada<\/strong>Nuestro relleno de tarta de crema de coco real es afrutado, cremoso y amaderado, con notas de mantequilla derretida y sabor tropical, y es el entrante perfecto para diversos postres tropicales. Este relleno de tarta de crema de coco tiene un color y un sabor magn\u00edficos. Es de un color amarillo claro y mantecoso con copos de coco visibles. Esos copos prometen un profundo sabor a coco, que la crema aporta.<\/p>\n<p>Perfecto para los profesionales de la restauraci\u00f3n, este relleno listo para usar ahorra tiempo en la cocina y garantiza resultados consistentes y de alta calidad en todo momento. Su aplicaci\u00f3n vers\u00e1til lo convierte en una excelente opci\u00f3n tanto para recetas dulces como saladas, desde tartas de crema de coco hasta tartas, pasteles de capas y m\u00e1s.<\/p>\n<p>Listo para usar, reduce el tiempo de preparaci\u00f3n en un pr\u00e1ctico balde de 20 lb dise\u00f1ado para uso de gran volumen.<\/p>","protected":false},"excerpt":{"rendered":"<p>Elevate your desserts with the tropical indulgence of our Frozen Royal Coconut Cr\u00e8me Filling, fruity, creamy, and woodsy, with hints of melting butter and the taste of the tropics, our royal coconut cr\u00e8me pie filling is the perfect starter for various tropical desserts. This coconut cream pie filling has a gorgeous color and flavor. It [&hellip;]<\/p>\n","protected":false},"featured_media":2721,"template":"","meta":{"_et_pb_use_builder":"","_et_pb_old_content":"","_et_gb_content_width":"","inline_featured_image":false},"product_brand":[],"product_cat":[15],"product_tag":[],"class_list":{"0":"post-436","1":"product","2":"type-product","3":"status-publish","4":"has-post-thumbnail","6":"product_cat-uncategorized","8":"first","9":"instock","10":"shipping-taxable","11":"product-type-simple"},"_links":{"self":[{"href":"https:\/\/qbpus.com\/es\/wp-json\/wp\/v2\/product\/436","targetHints":{"allow":["GET"]}}],"collection":[{"href":"https:\/\/qbpus.com\/es\/wp-json\/wp\/v2\/product"}],"about":[{"href":"https:\/\/qbpus.com\/es\/wp-json\/wp\/v2\/types\/product"}],"wp:featuredmedia":[{"embeddable":true,"href":"https:\/\/qbpus.com\/es\/wp-json\/wp\/v2\/media\/2721"}],"wp:attachment":[{"href":"https:\/\/qbpus.com\/es\/wp-json\/wp\/v2\/media?parent=436"}],"wp:term":[{"taxonomy":"product_brand","embeddable":true,"href":"https:\/\/qbpus.com\/es\/wp-json\/wp\/v2\/product_brand?post=436"},{"taxonomy":"product_cat","embeddable":true,"href":"https:\/\/qbpus.com\/es\/wp-json\/wp\/v2\/product_cat?post=436"},{"taxonomy":"product_tag","embeddable":true,"href":"https:\/\/qbpus.com\/es\/wp-json\/wp\/v2\/product_tag?post=436"}],"curies":[{"name":"wp","href":"https:\/\/api.w.org\/{rel}","templated":true}]}}