{"id":419,"date":"2023-03-06T22:26:20","date_gmt":"2023-03-06T22:26:20","guid":{"rendered":"https:\/\/qbpus.com\/product\/chocolate-creme-filling-20\/"},"modified":"2025-11-14T20:16:02","modified_gmt":"2025-11-14T20:16:02","slug":"chocolate-creme-filling-20","status":"publish","type":"product","link":"https:\/\/qbpus.com\/es\/producto\/chocolate-creme-filling-20\/","title":{"rendered":"Relleno de crema de chocolate \u2013 20#"},"content":{"rendered":"<p>Este relleno de crema de chocolate, que se derrite en la boca, convierte cada postre en una explosi\u00f3n de sabor. Este relleno de chocolate dulce es fant\u00e1stico para reposter\u00eda. Puedes ponerlo en un donut, un bu\u00f1uelo o un croissant de chocolate. Debido a que es relativamente dulce, puede resultar demasiado dulce si se coloca con otros postres muy endulzados. En su lugar, \u00faselo para resaltar la dulzura de otras delicias.<\/p>","protected":false},"excerpt":{"rendered":"<p>Melt-in-your-mouth, this chocolate cr\u00e8me filling turns every dessert into a taste explosion. This sweet chocolate filling is great for pastries. You could put it in a donut, beignet, or chocolate croissant. Because it is relatively sweet, it might be too sweet if placed with other highly sweetened desserts. Instead, use it to bring out the [&hellip;]<\/p>\n","protected":false},"featured_media":2674,"template":"","meta":{"_et_pb_use_builder":"","_et_pb_old_content":"","_et_gb_content_width":"","inline_featured_image":false},"product_brand":[],"product_cat":[15],"product_tag":[],"class_list":{"0":"post-419","1":"product","2":"type-product","3":"status-publish","4":"has-post-thumbnail","6":"product_cat-uncategorized","8":"first","9":"outofstock","10":"shipping-taxable","11":"product-type-simple"},"_links":{"self":[{"href":"https:\/\/qbpus.com\/es\/wp-json\/wp\/v2\/product\/419","targetHints":{"allow":["GET"]}}],"collection":[{"href":"https:\/\/qbpus.com\/es\/wp-json\/wp\/v2\/product"}],"about":[{"href":"https:\/\/qbpus.com\/es\/wp-json\/wp\/v2\/types\/product"}],"wp:featuredmedia":[{"embeddable":true,"href":"https:\/\/qbpus.com\/es\/wp-json\/wp\/v2\/media\/2674"}],"wp:attachment":[{"href":"https:\/\/qbpus.com\/es\/wp-json\/wp\/v2\/media?parent=419"}],"wp:term":[{"taxonomy":"product_brand","embeddable":true,"href":"https:\/\/qbpus.com\/es\/wp-json\/wp\/v2\/product_brand?post=419"},{"taxonomy":"product_cat","embeddable":true,"href":"https:\/\/qbpus.com\/es\/wp-json\/wp\/v2\/product_cat?post=419"},{"taxonomy":"product_tag","embeddable":true,"href":"https:\/\/qbpus.com\/es\/wp-json\/wp\/v2\/product_tag?post=419"}],"curies":[{"name":"wp","href":"https:\/\/api.w.org\/{rel}","templated":true}]}}