{"id":407,"date":"2023-03-06T22:26:18","date_gmt":"2023-03-06T22:26:18","guid":{"rendered":"https:\/\/qbpus.com\/product\/bavarian-creme-filling-20\/"},"modified":"2025-11-13T21:11:51","modified_gmt":"2025-11-13T21:11:51","slug":"bavarian-creme-filling-20","status":"publish","type":"product","link":"https:\/\/qbpus.com\/es\/producto\/bavarian-creme-filling-20\/","title":{"rendered":"Relleno de crema b\u00e1vara \u2013 20#"},"content":{"rendered":"<p>Ligera, aireada y exuberante, no hay nada como una crema b\u00e1vara tradicional. Esta cl\u00e1sica crema b\u00e1vara tiene un rico sabor a vainilla y un suave color dorado. Combina bien con una variedad de otros sabores. Nos gusta combinado con masa y chocolate en un \u00e9clair o en el cl\u00e1sico Long John. Tambi\u00e9n puedes utilizarlo en hojaldres de crema, en capas en tartas de chocolate, en tartas, con frutas y con chocolate.<\/p>","protected":false},"excerpt":{"rendered":"<p>Light, airy, and lush, there is nothing quite like a traditional Bavarian cream. This classic Bavarian cream has a rich vanilla flavor and a soft golden color. It goes well with a variety of other flavors. We like it combined with pastry and chocolate in an \u00e9clair or classic Long John. You can also use [&hellip;]<\/p>\n","protected":false},"featured_media":2671,"template":"","meta":{"_et_pb_use_builder":"","_et_pb_old_content":"","_et_gb_content_width":"","inline_featured_image":false},"product_brand":[],"product_cat":[15],"product_tag":[],"class_list":{"0":"post-407","1":"product","2":"type-product","3":"status-publish","4":"has-post-thumbnail","6":"product_cat-uncategorized","8":"first","9":"outofstock","10":"shipping-taxable","11":"product-type-simple"},"_links":{"self":[{"href":"https:\/\/qbpus.com\/es\/wp-json\/wp\/v2\/product\/407","targetHints":{"allow":["GET"]}}],"collection":[{"href":"https:\/\/qbpus.com\/es\/wp-json\/wp\/v2\/product"}],"about":[{"href":"https:\/\/qbpus.com\/es\/wp-json\/wp\/v2\/types\/product"}],"wp:featuredmedia":[{"embeddable":true,"href":"https:\/\/qbpus.com\/es\/wp-json\/wp\/v2\/media\/2671"}],"wp:attachment":[{"href":"https:\/\/qbpus.com\/es\/wp-json\/wp\/v2\/media?parent=407"}],"wp:term":[{"taxonomy":"product_brand","embeddable":true,"href":"https:\/\/qbpus.com\/es\/wp-json\/wp\/v2\/product_brand?post=407"},{"taxonomy":"product_cat","embeddable":true,"href":"https:\/\/qbpus.com\/es\/wp-json\/wp\/v2\/product_cat?post=407"},{"taxonomy":"product_tag","embeddable":true,"href":"https:\/\/qbpus.com\/es\/wp-json\/wp\/v2\/product_tag?post=407"}],"curies":[{"name":"wp","href":"https:\/\/api.w.org\/{rel}","templated":true}]}}