{"id":403,"date":"2023-03-06T22:26:18","date_gmt":"2023-03-06T22:26:18","guid":{"rendered":"https:\/\/qbpus.com\/product\/royal-strawberry-pie-filling-20\/"},"modified":"2025-05-12T14:14:35","modified_gmt":"2025-05-12T14:14:35","slug":"royal-strawberry-pie-filling-19-5","status":"publish","type":"product","link":"https:\/\/qbpus.com\/es\/producto\/royal-strawberry-pie-filling-19-5\/","title":{"rendered":"Royal Strawberry Pie Filling &#8211; 19.5#"},"content":{"rendered":"<p>Experimente la irresistible dulzura del verano con<strong> Relleno de tarta de fresas real<\/strong>Hecho con fresas maduras de primera calidad, este relleno trae el sabor fresco y jugoso de un d\u00eda soleado a tu cocina. Con un equilibrio perfecto de textura y dulzor, es ideal para crear tartas cl\u00e1sicas de fresa, tartas de queso, tartas, pasteles o incluso para cubrir tus helados, panqueques o waffles. Con el Relleno de Tarta de Fresa Real, preparar postres es muy f\u00e1cil y tus creaciones lucir\u00e1n y sabr\u00e1n como si hubieran salido de una pasteler\u00eda gourmet.<\/p>\n<p>Dise\u00f1ado para una f\u00e1cil aplicaci\u00f3n, el relleno tiene una consistencia suave que se extiende sin esfuerzo, asegurando un acabado perfecto en todo momento.<\/p>\n<p>Empaquetado en un <strong>19.5\u00a0lbs pail<\/strong>, the filling remains fresh for an extended period, minimizing spoilage and waste. Ideal for medium to large-scale production, this 19.5 lbs pail offers a cost-effective solution for busy kitchens.<\/p>","protected":false},"excerpt":{"rendered":"<p>Experience the irresistible sweetness of summer with Royal Strawberry Pie Filling. Made from premium, ripe strawberries, this filling brings the fresh, juicy flavor of a sunny day into your kitchen. Perfectly balanced in texture and sweetness, it&#8217;s ideal for creating classic strawberry pies, cheesecakes, tarts, pastries, or even topping your ice cream sundaes, pancakes or [&hellip;]<\/p>\n","protected":false},"featured_media":3770,"template":"","meta":{"_et_pb_use_builder":"","_et_pb_old_content":"","_et_gb_content_width":"","inline_featured_image":false},"product_brand":[],"product_cat":[165,39],"product_tag":[],"class_list":{"0":"post-403","1":"product","2":"type-product","3":"status-publish","4":"has-post-thumbnail","6":"product_cat-bakery-products","7":"product_cat-pie-fillings","9":"first","10":"instock","11":"shipping-taxable","12":"product-type-simple"},"_links":{"self":[{"href":"https:\/\/qbpus.com\/es\/wp-json\/wp\/v2\/product\/403","targetHints":{"allow":["GET"]}}],"collection":[{"href":"https:\/\/qbpus.com\/es\/wp-json\/wp\/v2\/product"}],"about":[{"href":"https:\/\/qbpus.com\/es\/wp-json\/wp\/v2\/types\/product"}],"wp:featuredmedia":[{"embeddable":true,"href":"https:\/\/qbpus.com\/es\/wp-json\/wp\/v2\/media\/3770"}],"wp:attachment":[{"href":"https:\/\/qbpus.com\/es\/wp-json\/wp\/v2\/media?parent=403"}],"wp:term":[{"taxonomy":"product_brand","embeddable":true,"href":"https:\/\/qbpus.com\/es\/wp-json\/wp\/v2\/product_brand?post=403"},{"taxonomy":"product_cat","embeddable":true,"href":"https:\/\/qbpus.com\/es\/wp-json\/wp\/v2\/product_cat?post=403"},{"taxonomy":"product_tag","embeddable":true,"href":"https:\/\/qbpus.com\/es\/wp-json\/wp\/v2\/product_tag?post=403"}],"curies":[{"name":"wp","href":"https:\/\/api.w.org\/{rel}","templated":true}]}}