{"id":398,"date":"2023-03-06T22:26:18","date_gmt":"2023-03-06T22:26:18","guid":{"rendered":"https:\/\/qbpus.com\/product\/cherry-pie-filling-20\/"},"modified":"2026-01-29T20:01:24","modified_gmt":"2026-01-29T20:01:24","slug":"cherry-pie-filling-19-5","status":"publish","type":"product","link":"https:\/\/qbpus.com\/es\/producto\/cherry-pie-filling-19-5\/","title":{"rendered":"Cherry Pie Filling &#8211; 19.5#"},"content":{"rendered":"<p>Dulce, \u00e1cido y repleto de cerezas enteras, este relleno de tarta es deliciosamente complejo. Su complejidad es una de las razones por las que a la gente le encantan las cerezas. El primer bocado parece simple, pero luego los sabores explotan en la lengua, revitalizando los sentidos y siendo, al mismo tiempo, la comida reconfortante por excelencia. Nos encanta una buena tarta de cerezas. Sin embargo, encontrar el equilibrio perfecto para el relleno puede ser complicado. Se busca dulce, con cerezas enteras y un toque \u00e1cido. El color tambi\u00e9n es esencial.<\/p>\n<p><strong>Rellenos de pastel de cereza<\/strong> Su color var\u00eda desde un rojo claro hasta un merlot intenso. Este relleno alcanza el punto justo de equilibrio con tonos rojos intensos y profundos. Nuestro relleno para tarta de cereza combina todo lo que buscas en una tarta de cereza. Este relleno llevar\u00e1 tus tartas de cereza al siguiente nivel, pero no te conformes con las tartas. Tambi\u00e9n es ideal para empanadas, tartas de mano y como base para salsas. Lleva tu tarta de queso con cereza al siguiente nivel usando una capa de este relleno durante el horneado.<\/p>\n<p>Empaquetado en un <strong data-start=\"491\" data-end=\"516\">convenient 19.5 lb pail<\/strong>Est\u00e1 dise\u00f1ado para panader\u00edas, servicios de comida y producci\u00f3n a gran escala, ofreciendo eficiencia sin comprometer el sabor.<\/p>","protected":false},"excerpt":{"rendered":"<p>Sweet, tart, and full of whole cherries, this pie filling is deliciously complex. The complexity is one of the reasons that people love cherry times. The first bite seems simple, but then the flavors explode on your tongue, invigorating your senses while still being the ultimate comfort food. We love a great cherry pie. However, [&hellip;]<\/p>\n","protected":false},"featured_media":3795,"template":"","meta":{"_et_pb_use_builder":"","_et_pb_old_content":"","_et_gb_content_width":"","inline_featured_image":false},"product_brand":[],"product_cat":[15],"product_tag":[],"class_list":{"0":"post-398","1":"product","2":"type-product","3":"status-publish","4":"has-post-thumbnail","6":"product_cat-uncategorized","8":"first","9":"instock","10":"shipping-taxable","11":"product-type-simple"},"_links":{"self":[{"href":"https:\/\/qbpus.com\/es\/wp-json\/wp\/v2\/product\/398","targetHints":{"allow":["GET"]}}],"collection":[{"href":"https:\/\/qbpus.com\/es\/wp-json\/wp\/v2\/product"}],"about":[{"href":"https:\/\/qbpus.com\/es\/wp-json\/wp\/v2\/types\/product"}],"wp:featuredmedia":[{"embeddable":true,"href":"https:\/\/qbpus.com\/es\/wp-json\/wp\/v2\/media\/3795"}],"wp:attachment":[{"href":"https:\/\/qbpus.com\/es\/wp-json\/wp\/v2\/media?parent=398"}],"wp:term":[{"taxonomy":"product_brand","embeddable":true,"href":"https:\/\/qbpus.com\/es\/wp-json\/wp\/v2\/product_brand?post=398"},{"taxonomy":"product_cat","embeddable":true,"href":"https:\/\/qbpus.com\/es\/wp-json\/wp\/v2\/product_cat?post=398"},{"taxonomy":"product_tag","embeddable":true,"href":"https:\/\/qbpus.com\/es\/wp-json\/wp\/v2\/product_tag?post=398"}],"curies":[{"name":"wp","href":"https:\/\/api.w.org\/{rel}","templated":true}]}}