{"id":392,"date":"2023-03-06T22:26:17","date_gmt":"2023-03-06T22:26:17","guid":{"rendered":"https:\/\/qbpus.com\/product\/royal-raspberry-danish-filling-20\/"},"modified":"2026-01-29T20:41:40","modified_gmt":"2026-01-29T20:41:40","slug":"royal-raspberry-danish-filling-20","status":"publish","type":"product","link":"https:\/\/qbpus.com\/es\/producto\/royal-raspberry-danish-filling-20\/","title":{"rendered":"Relleno dan\u00e9s de frambuesa real \u2013 20# (inactivo)"},"content":{"rendered":"<p>Sum\u00e9rgete en el lujoso sabor del relleno dan\u00e9s Royal Raspberry, donde el atrevido sabor de las frambuesas maduras ocupa un lugar central en una sinfon\u00eda de sabor. Ya sea para rellenar pasteles, tartas o tartas, este delicioso relleno con su color vibrante y textura decadente promete elevar sus creaciones a un nuevo nivel de indulgencia, ofreciendo un placer real para los sentidos.<\/p>","protected":false},"excerpt":{"rendered":"<p>Immerse yourself in the luxurious taste of Royal Raspberry Danish Filling, where the bold flavor of ripe raspberries takes center stage in a symphony of flavor. Whether filling cakes, pies or tarts, this delicious filling with its vibrant color and decadent texture, promises to elevate your creations to a new level of indulgence, offering a [&hellip;]<\/p>\n","protected":false},"featured_media":2623,"template":"","meta":{"_et_pb_use_builder":"","_et_pb_old_content":"","_et_gb_content_width":"","inline_featured_image":false},"product_brand":[],"product_cat":[15],"product_tag":[],"class_list":{"0":"post-392","1":"product","2":"type-product","3":"status-publish","4":"has-post-thumbnail","6":"product_cat-uncategorized","8":"first","9":"instock","10":"shipping-taxable","11":"product-type-simple"},"_links":{"self":[{"href":"https:\/\/qbpus.com\/es\/wp-json\/wp\/v2\/product\/392","targetHints":{"allow":["GET"]}}],"collection":[{"href":"https:\/\/qbpus.com\/es\/wp-json\/wp\/v2\/product"}],"about":[{"href":"https:\/\/qbpus.com\/es\/wp-json\/wp\/v2\/types\/product"}],"wp:featuredmedia":[{"embeddable":true,"href":"https:\/\/qbpus.com\/es\/wp-json\/wp\/v2\/media\/2623"}],"wp:attachment":[{"href":"https:\/\/qbpus.com\/es\/wp-json\/wp\/v2\/media?parent=392"}],"wp:term":[{"taxonomy":"product_brand","embeddable":true,"href":"https:\/\/qbpus.com\/es\/wp-json\/wp\/v2\/product_brand?post=392"},{"taxonomy":"product_cat","embeddable":true,"href":"https:\/\/qbpus.com\/es\/wp-json\/wp\/v2\/product_cat?post=392"},{"taxonomy":"product_tag","embeddable":true,"href":"https:\/\/qbpus.com\/es\/wp-json\/wp\/v2\/product_tag?post=392"}],"curies":[{"name":"wp","href":"https:\/\/api.w.org\/{rel}","templated":true}]}}