{"id":388,"date":"2023-03-06T22:26:16","date_gmt":"2023-03-06T22:26:16","guid":{"rendered":"https:\/\/qbpus.com\/product\/royal-strawberry-danish-filling-20\/"},"modified":"2024-07-29T15:12:23","modified_gmt":"2024-07-29T15:12:23","slug":"royal-strawberry-danish-filling-20","status":"publish","type":"product","link":"https:\/\/qbpus.com\/es\/producto\/royal-strawberry-danish-filling-20\/","title":{"rendered":"Relleno Dan\u00e9s de Fresa Real \u2013 20#"},"content":{"rendered":"<p>Tentador y delicioso, este relleno de fresa te har\u00e1 la boca agua. Hay dos tipos principales de rellenos de postre de fresa. Algunos son m\u00e1s frutales, saben y se sienten m\u00e1s como fruta natural. Otros tienen una consistencia m\u00e1s suave y un sabor m\u00e1s dulce, y saben m\u00e1s a caramelo que a fruta. Nuestro relleno dan\u00e9s de fresa real se compone de fruta fresca con trozos de fresa aut\u00e9ntica. Perfecto para daneses y kolaches. Cocido m\u00e1s profundamente, color y sabor a bayas.<\/p>","protected":false},"excerpt":{"rendered":"<p>Tempting and scrumptious, this strawberry filling will make your mouth water. There are two main types of strawberry dessert fillings. Some are more fruit-forward, tasting and feeling more like natural fruit. Others have a smoother consistency and sweeter flavor, tasting more like candy than fruit. Our Danish royal strawberry filling consists of fresh fruit with [&hellip;]<\/p>\n","protected":false},"featured_media":2414,"template":"","meta":{"_et_pb_use_builder":"","_et_pb_old_content":"","_et_gb_content_width":"","inline_featured_image":false},"product_brand":[],"product_cat":[39,40],"product_tag":[],"class_list":{"0":"post-388","1":"product","2":"type-product","3":"status-publish","4":"has-post-thumbnail","6":"product_cat-pie-fillings","7":"product_cat-pie-fillings-premium","9":"first","10":"instock","11":"shipping-taxable","12":"product-type-simple"},"_links":{"self":[{"href":"https:\/\/qbpus.com\/es\/wp-json\/wp\/v2\/product\/388","targetHints":{"allow":["GET"]}}],"collection":[{"href":"https:\/\/qbpus.com\/es\/wp-json\/wp\/v2\/product"}],"about":[{"href":"https:\/\/qbpus.com\/es\/wp-json\/wp\/v2\/types\/product"}],"wp:featuredmedia":[{"embeddable":true,"href":"https:\/\/qbpus.com\/es\/wp-json\/wp\/v2\/media\/2414"}],"wp:attachment":[{"href":"https:\/\/qbpus.com\/es\/wp-json\/wp\/v2\/media?parent=388"}],"wp:term":[{"taxonomy":"product_brand","embeddable":true,"href":"https:\/\/qbpus.com\/es\/wp-json\/wp\/v2\/product_brand?post=388"},{"taxonomy":"product_cat","embeddable":true,"href":"https:\/\/qbpus.com\/es\/wp-json\/wp\/v2\/product_cat?post=388"},{"taxonomy":"product_tag","embeddable":true,"href":"https:\/\/qbpus.com\/es\/wp-json\/wp\/v2\/product_tag?post=388"}],"curies":[{"name":"wp","href":"https:\/\/api.w.org\/{rel}","templated":true}]}}