{"id":376,"date":"2023-03-06T22:26:10","date_gmt":"2023-03-06T22:26:10","guid":{"rendered":"https:\/\/qbpus.com\/product\/frzn-pie-dough-sheets-10-75-x-10-75-28-11oz\/"},"modified":"2025-03-31T13:42:28","modified_gmt":"2025-03-31T13:42:28","slug":"frzn-pie-dough-sheets-10-75-x-10-75-28-11oz","status":"publish","type":"product","link":"https:\/\/qbpus.com\/es\/producto\/frzn-pie-dough-sheets-10-75-x-10-75-28-11oz\/","title":{"rendered":"Hojas de masa para pastel Frzn 10.75 \u2033 x 10.75 \u2033 - 28\/11 oz"},"content":{"rendered":"<p>Crujientes, crujientes, ligeramente dulces y grasosas, estas l\u00e1minas de masa para tarta congeladas son imprescindibles en tu cocina. Estas bandejas para pastel son un establo de cocina vers\u00e1til. \u00daselos para celos\u00edas, trenzas y otros aderezos para pasteles. Crea pasteles de mano con ellos. \u00dasalos como base en tartas o quiches. Siempre que necesites una excelente corteza hojaldrada y mantecosa, puedes usar estas l\u00e1minas de masa para pastel.<\/p>","protected":false},"excerpt":{"rendered":"<p>Crisp, crunchy, slightly sweet, and fatty, these frozen pie dough sheets are a must-have in your kitchen. These pie sheets are a versatile kitchen stable. Use them for lattices, braids, and other pie toppings. Create hand pies with them. Use them as crusts in tarts or quiches. Anytime you need a great buttery, flaky crust, [&hellip;]<\/p>\n","protected":false},"featured_media":2559,"template":"","meta":{"_et_pb_use_builder":"","_et_pb_old_content":"","_et_gb_content_width":"","inline_featured_image":false},"product_brand":[],"product_cat":[15],"product_tag":[],"class_list":{"0":"post-376","1":"product","2":"type-product","3":"status-publish","4":"has-post-thumbnail","6":"product_cat-uncategorized","8":"first","9":"instock","10":"shipping-taxable","11":"product-type-simple"},"_links":{"self":[{"href":"https:\/\/qbpus.com\/es\/wp-json\/wp\/v2\/product\/376","targetHints":{"allow":["GET"]}}],"collection":[{"href":"https:\/\/qbpus.com\/es\/wp-json\/wp\/v2\/product"}],"about":[{"href":"https:\/\/qbpus.com\/es\/wp-json\/wp\/v2\/types\/product"}],"wp:featuredmedia":[{"embeddable":true,"href":"https:\/\/qbpus.com\/es\/wp-json\/wp\/v2\/media\/2559"}],"wp:attachment":[{"href":"https:\/\/qbpus.com\/es\/wp-json\/wp\/v2\/media?parent=376"}],"wp:term":[{"taxonomy":"product_brand","embeddable":true,"href":"https:\/\/qbpus.com\/es\/wp-json\/wp\/v2\/product_brand?post=376"},{"taxonomy":"product_cat","embeddable":true,"href":"https:\/\/qbpus.com\/es\/wp-json\/wp\/v2\/product_cat?post=376"},{"taxonomy":"product_tag","embeddable":true,"href":"https:\/\/qbpus.com\/es\/wp-json\/wp\/v2\/product_tag?post=376"}],"curies":[{"name":"wp","href":"https:\/\/api.w.org\/{rel}","templated":true}]}}