{"id":365,"date":"2023-03-06T22:26:06","date_gmt":"2023-03-06T22:26:06","guid":{"rendered":"https:\/\/qbpus.com\/product\/gingerbread-loaf-cake-12-16oz\/"},"modified":"2024-08-09T18:24:50","modified_gmt":"2024-08-09T18:24:50","slug":"gingerbread-loaf-cake-12-16oz","status":"publish","type":"product","link":"https:\/\/qbpus.com\/es\/producto\/gingerbread-loaf-cake-12-16oz\/","title":{"rendered":"Bizcocho de jengibre \u2013 12\/16 oz (de barril)"},"content":{"rendered":"<p>El jengibre picante, dulce y picante se suaviza maravillosamente cuando se hornea. Combinado con melaza en pan de jengibre, es una delicia deliciosa, h\u00fameda y apetitosa. El pan de jengibre es una delicia sorprendentemente polarizadora. La gente lo ama o lo odia. Picante con toques de az\u00facar moreno y melaza, el pan de jengibre tiene una sensaci\u00f3n c\u00e1lida y acogedora. Tambi\u00e9n tiene un aspecto oscuro ic\u00f3nico. S\u00edrvelo solo o caliente con un poco de mantequilla derretida para disfrutar del mejor regalo invernal. Estos pasteles de pan tambi\u00e9n son populares entre los clientes que los revenden. Son una gran adici\u00f3n a sus ofertas de regalos navide\u00f1os.<br \/>\nN\u00famero de art\u00edculo 35703<br \/>\n12 unidades por caja<br \/>\n16,0 onzas por unidad<br \/>\n12.0 libras por caja<br \/>\n36 cajas por palet<br \/>\n432 unidades por palet<br \/>\n396 casos por HTL<br \/>\n4.752 unidades por HTL<br \/>\n792 casos por FTL<br \/>\n9,504 unidades por FTL<\/p>","protected":false},"excerpt":{"rendered":"<p>Peppery, sweet, and spicy ginger beautifully mellows when baked. Combined with molasses in gingerbread, it makes a delicious, moist, and mouth-watering treat. Gingerbread is a surprisingly polarizing treat. People either love it or hate it. Spicy with hints of brown sugar and molasses, gingerbread has a warm, cozy feeling. It also has an iconic dark [&hellip;]<\/p>\n","protected":false},"featured_media":2335,"template":"","meta":{"_et_pb_use_builder":"","_et_pb_old_content":"","_et_gb_content_width":"","inline_featured_image":false},"product_brand":[],"product_cat":[15],"product_tag":[],"class_list":{"0":"post-365","1":"product","2":"type-product","3":"status-publish","4":"has-post-thumbnail","6":"product_cat-uncategorized","8":"first","9":"instock","10":"shipping-taxable","11":"product-type-simple"},"_links":{"self":[{"href":"https:\/\/qbpus.com\/es\/wp-json\/wp\/v2\/product\/365","targetHints":{"allow":["GET"]}}],"collection":[{"href":"https:\/\/qbpus.com\/es\/wp-json\/wp\/v2\/product"}],"about":[{"href":"https:\/\/qbpus.com\/es\/wp-json\/wp\/v2\/types\/product"}],"wp:featuredmedia":[{"embeddable":true,"href":"https:\/\/qbpus.com\/es\/wp-json\/wp\/v2\/media\/2335"}],"wp:attachment":[{"href":"https:\/\/qbpus.com\/es\/wp-json\/wp\/v2\/media?parent=365"}],"wp:term":[{"taxonomy":"product_brand","embeddable":true,"href":"https:\/\/qbpus.com\/es\/wp-json\/wp\/v2\/product_brand?post=365"},{"taxonomy":"product_cat","embeddable":true,"href":"https:\/\/qbpus.com\/es\/wp-json\/wp\/v2\/product_cat?post=365"},{"taxonomy":"product_tag","embeddable":true,"href":"https:\/\/qbpus.com\/es\/wp-json\/wp\/v2\/product_tag?post=365"}],"curies":[{"name":"wp","href":"https:\/\/api.w.org\/{rel}","templated":true}]}}