{"id":3310,"date":"2024-12-13T18:59:56","date_gmt":"2024-12-13T18:59:56","guid":{"rendered":"https:\/\/qbpus.com\/?post_type=product&#038;p=3310"},"modified":"2025-10-14T21:27:05","modified_gmt":"2025-10-14T21:27:05","slug":"cinnamon-mini-loaf-cake-24-4oz","status":"publish","type":"product","link":"https:\/\/qbpus.com\/es\/producto\/cinnamon-mini-loaf-cake-24-4oz\/","title":{"rendered":"Cinnamon Mini Loaf Cake &#8211; 24\/3.75oz"},"content":{"rendered":"<p>Disfrute de la reconfortante calidez de nuestra<strong> Mini pastel de canela, <\/strong>Donde el encanto atemporal de la canela brilla en cada delicioso bocado. Este mini bocado es una celebraci\u00f3n de la simplicidad y la artesan\u00eda, dise\u00f1ado para aquellos que aprecian los sabores reconfortantes de la bondad horneada en casa. Con su fragante aroma a canela, su miga suave y h\u00fameda y el toque justo de dulzura, cada bocado ofrece un abrazo nost\u00e1lgico de comodidad y alegr\u00eda. Es un cl\u00e1sico vers\u00e1til que se siente como en casa en cualquier \u00e9poca del a\u00f1o, desde las fr\u00edas ma\u00f1anas de invierno hasta las frescas tardes de oto\u00f1o.<\/p>\n<p>Combina sin esfuerzo con bebidas como caf\u00e9 reci\u00e9n hecho, chai arom\u00e1tico con especias o sidra de manzana caliente, lo que lo convierte en una adici\u00f3n destacada a cualquier exhibici\u00f3n de panader\u00eda y una opci\u00f3n perfecta para atraer oportunidades de ventas adicionales.<\/p>\n<p>Packaged in a convenient 3.75 oz portion, it\u2019s ideal for on-the-go snacking, gifting, or bringing a touch of homemade charm to your customers.<\/p>\n<p>Ya sea que lo disfrute como un desayuno, un capricho al mediod\u00eda o como postre central, este mini pastel de canela es imprescindible para cada ocasi\u00f3n y ofrece una experiencia sabrosa que deja una impresi\u00f3n duradera.<\/p>","protected":false},"excerpt":{"rendered":"<p>Indulge in the comforting warmth of our Cinnamon Mini Loaf Cake, where the timeless allure of cinnamon shines in every delicious bite. This mini treat is a celebration of simplicity and artisanal craftsmanship, designed for those who cherish the cozy flavors of home-baked goodness.\u00a0With its fragrant cinnamon aroma, soft, moist crumb, and just the right [&hellip;]<\/p>\n","protected":false},"featured_media":3354,"template":"","meta":{"_et_pb_use_builder":"","_et_pb_old_content":"","_et_gb_content_width":"","inline_featured_image":false},"product_brand":[],"product_cat":[15],"product_tag":[],"class_list":{"0":"post-3310","1":"product","2":"type-product","3":"status-publish","4":"has-post-thumbnail","6":"product_cat-uncategorized","8":"first","9":"outofstock","10":"shipping-taxable","11":"product-type-simple"},"_links":{"self":[{"href":"https:\/\/qbpus.com\/es\/wp-json\/wp\/v2\/product\/3310","targetHints":{"allow":["GET"]}}],"collection":[{"href":"https:\/\/qbpus.com\/es\/wp-json\/wp\/v2\/product"}],"about":[{"href":"https:\/\/qbpus.com\/es\/wp-json\/wp\/v2\/types\/product"}],"wp:featuredmedia":[{"embeddable":true,"href":"https:\/\/qbpus.com\/es\/wp-json\/wp\/v2\/media\/3354"}],"wp:attachment":[{"href":"https:\/\/qbpus.com\/es\/wp-json\/wp\/v2\/media?parent=3310"}],"wp:term":[{"taxonomy":"product_brand","embeddable":true,"href":"https:\/\/qbpus.com\/es\/wp-json\/wp\/v2\/product_brand?post=3310"},{"taxonomy":"product_cat","embeddable":true,"href":"https:\/\/qbpus.com\/es\/wp-json\/wp\/v2\/product_cat?post=3310"},{"taxonomy":"product_tag","embeddable":true,"href":"https:\/\/qbpus.com\/es\/wp-json\/wp\/v2\/product_tag?post=3310"}],"curies":[{"name":"wp","href":"https:\/\/api.w.org\/{rel}","templated":true}]}}